{"id":1835,"date":"2020-08-31T19:46:57","date_gmt":"2020-08-31T19:46:57","guid":{"rendered":"https:\/\/argosforever.com\/le-savoir-faire-de-meminis\/"},"modified":"2021-08-24T10:37:44","modified_gmt":"2021-08-24T10:37:44","slug":"le-savoir-faire-argos","status":"publish","type":"page","link":"https:\/\/argosforever.com\/fr\/le-savoir-faire-argos\/","title":{"rendered":"Le savoir faire de Argosforever"},"content":{"rendered":"<div id='av_section_1'  class='avia-section main_color avia-section-small avia-no-border-styling  av-section-color-overlay-active avia-bg-style-parallax  avia-builder-el-0  el_before_av_layout_row  avia-builder-el-first   av-minimum-height av-minimum-height-custom  container_wrap sidebar_right' style=' '  ><div class='av-section-color-overlay-wrap'><div class='av-section-color-overlay' style='opacity: 0.7; background-color: #6786a1; '><\/div><div class='container' style='height:120px'><main  role=\"main\" itemprop=\"mainContentOfPage\"  class='template-page content  av-content-small alpha units'><div class='post-entry post-entry-type-page post-entry-1835'><div class='entry-content-wrapper clearfix'>\n<div  style='padding-bottom:10px; color:#ffffff;font-size:30px;' class='av-special-heading av-special-heading-h1 custom-color-heading blockquote modern-quote modern-centered  avia-builder-el-1  avia-builder-el-no-sibling  av-inherit-size '><h1 class='av-special-heading-tag '  itemprop=\"headline\"  > Le savoir faire de Argosforever<\/h1><div class='special-heading-border'><div class='special-heading-inner-border' style='border-color:#ffffff'><\/div><\/div><\/div>\n\n<\/div><\/div><\/main><!-- close content main element --><\/div><\/div><\/div><div id='av-layout-grid-1'  class='av-layout-grid-container entry-content-wrapper main_color av-flex-cells     avia-builder-el-2  el_after_av_section  el_before_av_layout_row  submenu-not-first container_wrap sidebar_right' style=' '  >\n<div class=\"flex_cell no_margin av_one_half  avia-builder-el-3  el_before_av_cell_one_half  avia-builder-el-first   \"  style='height:600px; min-height:600px;vertical-align:middle; padding:150px; background-color:#ffffff; ' ><div class='flex_cell_inner' ><p><div  style='padding-bottom:10px; font-size:30px;' class='av-special-heading av-special-heading-h3  blockquote modern-quote  avia-builder-el-4  el_before_av_hr  avia-builder-el-first  av-inherit-size '><h3 class='av-special-heading-tag '  itemprop=\"headline\"  >Mat\u00e9riaux nobles et design contemporain pour nous rappeler de nos chers compagnons \u00e0 4 pattes<\/h3><div class='special-heading-border'><div class='special-heading-inner-border' ><\/div><\/div><\/div><br \/>\n<div  style=' margin-top:30px; margin-bottom:30px;'  class='hr hr-custom hr-left hr-icon-no   avia-builder-el-5  el_after_av_heading  el_before_av_textblock '><span class='hr-inner  inner-border-av-border-fat' style=' width:50px;' ><span class='hr-inner-style'><\/span><\/span><\/div><br \/>\n<section class=\"av_textblock_section \"  itemscope=\"itemscope\" itemtype=\"https:\/\/schema.org\/CreativeWork\" ><div class='avia_textblock  '   itemprop=\"text\" ><p>Chez Argosforever, nous mettons un point d&rsquo;honneur \u00e0 faire une r\u00e9vision contemporaine, sobre et \u00e9l\u00e9gante des urnes fun\u00e9raires tout en respectant les codes pr\u00e9existants.<\/p>\n<p>L\u2019urne fun\u00e9raire doit permettre de nous rappeler de nos si fid\u00e8les animaux de compagnie. \u00a0Symboliquement, la famille conserve la m\u00e9moire de l&rsquo;animal de compagnie qui nous a accompagn\u00e9 pendant de si longues ann\u00e9es.<\/p>\n<\/div><\/section><\/p>\n<\/div><\/div><div class=\"flex_cell no_margin av_one_half  avia-builder-el-7  el_after_av_cell_one_half  avia-builder-el-last   avia-full-stretch \"  style='height:600px; min-height:600px;background:url(https:\/\/argosforever.com\/wp-content\/uploads\/2020\/09\/IMG_6042-2.jpg) center center no-repeat scroll; vertical-align:top; padding:50px; ' ><div class='flex_cell_inner' ><\/div><\/div>\n<\/div>\n<div id='av-layout-grid-2'  class='av-layout-grid-container entry-content-wrapper main_color av-flex-cells     avia-builder-el-8  el_after_av_layout_row  el_before_av_layout_row  submenu-not-first container_wrap sidebar_right' style=' '  >\n<div class=\"flex_cell no_margin av_one_half  avia-builder-el-9  el_before_av_cell_one_half  avia-builder-el-first   \"  style='height:600px; min-height:600px;vertical-align:middle; padding:150px; background-color:#6786a1; ' ><div class='flex_cell_inner' ><p><div  style='padding-bottom:10px; color:#ffffff;font-size:30px;' class='av-special-heading av-special-heading-h3 custom-color-heading blockquote modern-quote  avia-builder-el-10  el_before_av_hr  avia-builder-el-first  av-inherit-size '><h3 class='av-special-heading-tag '  itemprop=\"headline\"  >Gamme en Porcelaine de Limoges<\/h3><div class='special-heading-border'><div class='special-heading-inner-border' style='border-color:#ffffff'><\/div><\/div><\/div><br \/>\n<div  style=' margin-top:30px; margin-bottom:30px;'  class='hr hr-custom hr-left hr-icon-no   avia-builder-el-11  el_after_av_heading  el_before_av_textblock '><span class='hr-inner  inner-border-av-border-fat' style=' width:50px; border-color:#ffffff;' ><span class='hr-inner-style'><\/span><\/span><\/div><br \/>\n<section class=\"av_textblock_section \"  itemscope=\"itemscope\" itemtype=\"https:\/\/schema.org\/CreativeWork\" ><div class='avia_textblock  av_inherit_color '  style='color:#ffffff; '  itemprop=\"text\" ><p>Con\u00e7ues de fa\u00e7on artisanale dans nos ateliers de Limoges, nos urnes en porcelaine sont esth\u00e9tiques et fonctionnelles. La porcelaine, mat\u00e9riau n\u2019offrant aucune porosit\u00e9, poss\u00e8de des qualit\u00e9s incomparables de durabilit\u00e9 et de duret\u00e9 car ni le temps, l\u2019air ou l\u2019eau n\u2019alt\u00e8rent la mati\u00e8re.<\/p>\n<p>La porcelaine fait partie de la famille des c\u00e9ramiques, mais cet \u00ab or blanc \u00bb constitu\u00e9 de kaolin, feldspath et quartz est le seul \u00e0 supporter une cuisson \u00e0 1400\u00b0C ce qui lui conf\u00e8re des qualit\u00e9s in\u00e9gal\u00e9es.<\/p>\n<p>Sa blancheur initiale permet de nombreux styles et designs tr\u00e8s diff\u00e9rents, et les urnes Argosforever \u00a0sont con\u00e7ues pour pouvoir se combiner harmonieusement dans le lieu o\u00f9 elles reposeront.<\/p>\n<\/div><\/section><\/p>\n<\/div><\/div><div class=\"flex_cell no_margin av_one_half  avia-builder-el-13  el_after_av_cell_one_half  avia-builder-el-last   avia-full-stretch \"  style='height:600px; min-height:600px;background:url(https:\/\/argosforever.com\/wp-content\/uploads\/2020\/09\/IMG_6196.jpg) center center no-repeat scroll; vertical-align:top; padding:50px; ' ><div class='flex_cell_inner' ><\/div><\/div>\n<\/div>\n<div id='av-layout-grid-3'  class='av-layout-grid-container entry-content-wrapper main_color av-flex-cells     avia-builder-el-14  el_after_av_layout_row  el_before_av_layout_row  submenu-not-first container_wrap sidebar_right' style=' '  >\n<div class=\"flex_cell no_margin av_one_half  avia-builder-el-15  el_before_av_cell_one_half  avia-builder-el-first   avia-full-stretch \"  style='height:600px; min-height:600px;background:url(https:\/\/argosforever.com\/wp-content\/uploads\/2020\/09\/Argosforever_06_FEL6481-1-e1600442119891.jpg) center left no-repeat scroll; vertical-align:middle; padding:50px; ' ><div class='flex_cell_inner' ><\/div><\/div><div class=\"flex_cell no_margin av_one_half  avia-builder-el-16  el_after_av_cell_one_half  avia-builder-el-last   \"  style='height:600px; min-height:600px;vertical-align:middle; padding:150px; ' ><div class='flex_cell_inner' ><p><div  style='padding-bottom:10px; font-size:30px;' class='av-special-heading av-special-heading-h3  blockquote modern-quote  avia-builder-el-17  el_before_av_hr  avia-builder-el-first  av-inherit-size '><h3 class='av-special-heading-tag '  itemprop=\"headline\"  >Gamme d\u2019urnes en verre souffl\u00e9 pour chiens et chats<\/h3><div class='special-heading-border'><div class='special-heading-inner-border' ><\/div><\/div><\/div><br \/>\n<div  style=' margin-top:30px; margin-bottom:30px;'  class='hr hr-custom hr-left hr-icon-no   avia-builder-el-18  el_after_av_heading  el_before_av_textblock '><span class='hr-inner  inner-border-av-border-fat' style=' width:50px;' ><span class='hr-inner-style'><\/span><\/span><\/div><br \/>\n<section class=\"av_textblock_section \"  itemscope=\"itemscope\" itemtype=\"https:\/\/schema.org\/CreativeWork\" ><div class='avia_textblock  '   itemprop=\"text\" ><p>Avec sa gamme d\u2019urnes fun\u00e9raires de verre souffl\u00e9 \u00e0 la bouche, Argosforver propose des produits exclusifs qui sont aussi esth\u00e9tiques que fonctionnels. Avec toute leur beaut\u00e9, ces urnes \u00ab pour animaux de compagnie \u00bb en verre souffl\u00e9 sont des produits qui se distinguent \u00e0 l&rsquo;\u00e9preuve du temps. Avec un design somptueux et des motifs fascinants, elles sont particuli\u00e8rement \u00e9l\u00e9gantes et \u00e9voquent une grande distinction.<\/p>\n<\/div><\/section><\/p>\n<\/div><\/div><\/div><div id='av-layout-grid-4'  class='av-layout-grid-container entry-content-wrapper main_color av-flex-cells     avia-builder-el-20  el_after_av_layout_row  avia-builder-el-last  submenu-not-first container_wrap sidebar_right' style=' '  >\n<div class=\"flex_cell no_margin av_one_half  avia-builder-el-21  el_before_av_cell_one_half  avia-builder-el-first   \"  style='height:600px; min-height:600px;vertical-align:middle; padding:150px; background-color:#6786a1; ' ><div class='flex_cell_inner' ><p><div  style='padding-bottom:10px; color:#ffffff;font-size:30px;' class='av-special-heading av-special-heading-h3 custom-color-heading blockquote modern-quote  avia-builder-el-22  el_before_av_hr  avia-builder-el-first  av-inherit-size '><h3 class='av-special-heading-tag '  itemprop=\"headline\"  >Urnes pour animaux en porcelaine de Limoges Argos<\/h3><div class='special-heading-border'><div class='special-heading-inner-border' style='border-color:#ffffff'><\/div><\/div><\/div><br \/>\n<div  style=' margin-top:30px; margin-bottom:30px;'  class='hr hr-custom hr-left hr-icon-no   avia-builder-el-23  el_after_av_heading  el_before_av_textblock '><span class='hr-inner  inner-border-av-border-fat' style=' width:50px; border-color:#ffffff;' ><span class='hr-inner-style'><\/span><\/span><\/div><br \/>\n<section class=\"av_textblock_section \"  itemscope=\"itemscope\" itemtype=\"https:\/\/schema.org\/CreativeWork\" ><div class='avia_textblock  av_inherit_color '  style='color:#ffffff; '  itemprop=\"text\" ><p>Les urnes Argos en porcelaine de Limoges se composent d\u2019un contenant, d\u2019un fermoir et d\u2019un m\u00e9daillon. Ces trois \u00e9l\u00e9ments peuvent se combiner librement, le m\u00e9daillon peut se d\u00e9poser sur la loge du fermoir pr\u00e9vu \u00e0 cet effet ou se porter en pendentif. Il peut \u00eatre grav\u00e9 ou photograv\u00e9 selon la version choisie.<\/p>\n<\/div><\/section><\/p>\n<\/div><\/div><div class=\"flex_cell no_margin av_one_half  avia-builder-el-25  el_after_av_cell_one_half  avia-builder-el-last   avia-full-stretch \"  style='height:600px; min-height:600px;background:url(https:\/\/argosforever.com\/wp-content\/uploads\/2020\/09\/2-Photo-d\u00e9tail-int\u00e9rieur.jpg) center center no-repeat scroll; vertical-align:top; padding:50px; ' ><div class='flex_cell_inner' ><\/div><\/div>\n<\/div><\/p>\n","protected":false},"excerpt":{"rendered":"","protected":false},"author":1,"featured_media":0,"parent":0,"menu_order":0,"comment_status":"closed","ping_status":"closed","template":"","meta":[],"yoast_head":"<!-- This site is optimized with the Yoast SEO plugin v17.0 - https:\/\/yoast.com\/wordpress\/plugins\/seo\/ -->\n<title>Le savoir faire de Argosforever - Argosforever<\/title>\n<meta name=\"description\" content=\"Avec un design somptueux et des motifs fascinants, nos urnes sont particuli\u00e8rement \u00e9l\u00e9gantes et r\u00e9sistent \u00e0 l&#039;\u00e9preuve du temps.\" \/>\n<meta name=\"robots\" content=\"index, follow, max-snippet:-1, max-image-preview:large, max-video-preview:-1\" \/>\n<link rel=\"canonical\" href=\"https:\/\/argosforever.com\/fr\/le-savoir-faire-argos\/\" \/>\n<meta property=\"og:locale\" content=\"fr_FR\" \/>\n<meta property=\"og:type\" content=\"article\" \/>\n<meta property=\"og:title\" content=\"Le savoir faire de Argosforever - Argosforever\" \/>\n<meta property=\"og:description\" content=\"Avec un design somptueux et des motifs fascinants, nos urnes sont particuli\u00e8rement \u00e9l\u00e9gantes et r\u00e9sistent \u00e0 l&#039;\u00e9preuve du temps.\" \/>\n<meta property=\"og:url\" content=\"https:\/\/argosforever.com\/fr\/le-savoir-faire-argos\/\" \/>\n<meta property=\"og:site_name\" content=\"Argosforever\" \/>\n<meta property=\"article:modified_time\" content=\"2021-08-24T10:37:44+00:00\" \/>\n<meta name=\"twitter:card\" content=\"summary_large_image\" \/>\n<meta name=\"twitter:label1\" content=\"Dur\u00e9e de lecture est.\" \/>\n\t<meta name=\"twitter:data1\" content=\"4 minutes\" \/>\n<script type=\"application\/ld+json\" class=\"yoast-schema-graph\">{\"@context\":\"https:\/\/schema.org\",\"@graph\":[{\"@type\":\"WebSite\",\"@id\":\"https:\/\/argosforever.com\/en\/#website\",\"url\":\"https:\/\/argosforever.com\/en\/\",\"name\":\"Argosforever\",\"description\":\"Urnes fun\\u00e9raires\",\"potentialAction\":[{\"@type\":\"SearchAction\",\"target\":{\"@type\":\"EntryPoint\",\"urlTemplate\":\"https:\/\/argosforever.com\/en\/?s={search_term_string}\"},\"query-input\":\"required name=search_term_string\"}],\"inLanguage\":\"fr-FR\"},{\"@type\":\"WebPage\",\"@id\":\"https:\/\/argosforever.com\/fr\/le-savoir-faire-argos\/#webpage\",\"url\":\"https:\/\/argosforever.com\/fr\/le-savoir-faire-argos\/\",\"name\":\"Le savoir faire de Argosforever - Argosforever\",\"isPartOf\":{\"@id\":\"https:\/\/argosforever.com\/en\/#website\"},\"datePublished\":\"2020-08-31T19:46:57+00:00\",\"dateModified\":\"2021-08-24T10:37:44+00:00\",\"description\":\"Avec un design somptueux et des motifs fascinants, nos urnes sont particuli\\u00e8rement \\u00e9l\\u00e9gantes et r\\u00e9sistent \\u00e0 l'\\u00e9preuve du temps.\",\"breadcrumb\":{\"@id\":\"https:\/\/argosforever.com\/fr\/le-savoir-faire-argos\/#breadcrumb\"},\"inLanguage\":\"fr-FR\",\"potentialAction\":[{\"@type\":\"ReadAction\",\"target\":[\"https:\/\/argosforever.com\/fr\/le-savoir-faire-argos\/\"]}]},{\"@type\":\"BreadcrumbList\",\"@id\":\"https:\/\/argosforever.com\/fr\/le-savoir-faire-argos\/#breadcrumb\",\"itemListElement\":[{\"@type\":\"ListItem\",\"position\":1,\"name\":\"Le savoir faire de Argosforever\"}]}]}<\/script>\n<!-- \/ Yoast SEO plugin. -->","yoast_head_json":{"title":"Le savoir faire de Argosforever - Argosforever","description":"Avec un design somptueux et des motifs fascinants, nos urnes sont particuli\u00e8rement \u00e9l\u00e9gantes et r\u00e9sistent \u00e0 l'\u00e9preuve du temps.","robots":{"index":"index","follow":"follow","max-snippet":"max-snippet:-1","max-image-preview":"max-image-preview:large","max-video-preview":"max-video-preview:-1"},"canonical":"https:\/\/argosforever.com\/fr\/le-savoir-faire-argos\/","og_locale":"fr_FR","og_type":"article","og_title":"Le savoir faire de Argosforever - Argosforever","og_description":"Avec un design somptueux et des motifs fascinants, nos urnes sont particuli\u00e8rement \u00e9l\u00e9gantes et r\u00e9sistent \u00e0 l'\u00e9preuve du temps.","og_url":"https:\/\/argosforever.com\/fr\/le-savoir-faire-argos\/","og_site_name":"Argosforever","article_modified_time":"2021-08-24T10:37:44+00:00","twitter_card":"summary_large_image","twitter_misc":{"Dur\u00e9e de lecture est.":"4 minutes"},"schema":{"@context":"https:\/\/schema.org","@graph":[{"@type":"WebSite","@id":"https:\/\/argosforever.com\/en\/#website","url":"https:\/\/argosforever.com\/en\/","name":"Argosforever","description":"Urnes fun\u00e9raires","potentialAction":[{"@type":"SearchAction","target":{"@type":"EntryPoint","urlTemplate":"https:\/\/argosforever.com\/en\/?s={search_term_string}"},"query-input":"required name=search_term_string"}],"inLanguage":"fr-FR"},{"@type":"WebPage","@id":"https:\/\/argosforever.com\/fr\/le-savoir-faire-argos\/#webpage","url":"https:\/\/argosforever.com\/fr\/le-savoir-faire-argos\/","name":"Le savoir faire de Argosforever - Argosforever","isPartOf":{"@id":"https:\/\/argosforever.com\/en\/#website"},"datePublished":"2020-08-31T19:46:57+00:00","dateModified":"2021-08-24T10:37:44+00:00","description":"Avec un design somptueux et des motifs fascinants, nos urnes sont particuli\u00e8rement \u00e9l\u00e9gantes et r\u00e9sistent \u00e0 l'\u00e9preuve du temps.","breadcrumb":{"@id":"https:\/\/argosforever.com\/fr\/le-savoir-faire-argos\/#breadcrumb"},"inLanguage":"fr-FR","potentialAction":[{"@type":"ReadAction","target":["https:\/\/argosforever.com\/fr\/le-savoir-faire-argos\/"]}]},{"@type":"BreadcrumbList","@id":"https:\/\/argosforever.com\/fr\/le-savoir-faire-argos\/#breadcrumb","itemListElement":[{"@type":"ListItem","position":1,"name":"Le savoir faire de Argosforever"}]}]}},"_links":{"self":[{"href":"https:\/\/argosforever.com\/fr\/wp-json\/wp\/v2\/pages\/1835"}],"collection":[{"href":"https:\/\/argosforever.com\/fr\/wp-json\/wp\/v2\/pages"}],"about":[{"href":"https:\/\/argosforever.com\/fr\/wp-json\/wp\/v2\/types\/page"}],"author":[{"embeddable":true,"href":"https:\/\/argosforever.com\/fr\/wp-json\/wp\/v2\/users\/1"}],"replies":[{"embeddable":true,"href":"https:\/\/argosforever.com\/fr\/wp-json\/wp\/v2\/comments?post=1835"}],"version-history":[{"count":16,"href":"https:\/\/argosforever.com\/fr\/wp-json\/wp\/v2\/pages\/1835\/revisions"}],"predecessor-version":[{"id":4500,"href":"https:\/\/argosforever.com\/fr\/wp-json\/wp\/v2\/pages\/1835\/revisions\/4500"}],"wp:attachment":[{"href":"https:\/\/argosforever.com\/fr\/wp-json\/wp\/v2\/media?parent=1835"}],"curies":[{"name":"wp","href":"https:\/\/api.w.org\/{rel}","templated":true}]}}