{"id":1842,"date":"2015-03-03T02:10:42","date_gmt":"2015-03-03T02:10:42","guid":{"rendered":"https:\/\/argosforever.com\/contact\/"},"modified":"2021-08-24T09:08:42","modified_gmt":"2021-08-24T09:08:42","slug":"contact","status":"publish","type":"page","link":"https:\/\/argosforever.com\/fr\/contact\/","title":{"rendered":"Contact"},"content":{"rendered":"<div id='av_section_1'  class='avia-section main_color avia-section-no-padding avia-no-border-styling  avia-bg-style-scroll  avia-builder-el-0  el_before_av_layout_row  avia-builder-el-first   av-minimum-height av-minimum-height-custom  container_wrap sidebar_right' style='background-repeat: repeat; background-image: url(https:\/\/argosforever.com\/wp-content\/uploads\/2021\/08\/cats-dogs.jpg);background-attachment: scroll; background-position: center center;  '  data-section-bg-repeat='repeat'><div class='container' style='height:300px'><main  role=\"main\" itemprop=\"mainContentOfPage\"  class='template-page content  av-content-small alpha units'><div class='post-entry post-entry-type-page post-entry-1842'><div class='entry-content-wrapper clearfix'>\n<section class=\"av_textblock_section \"  itemscope=\"itemscope\" itemtype=\"https:\/\/schema.org\/CreativeWork\" ><div class='avia_textblock  av_inherit_color '  style='color:#ffffff; '  itemprop=\"text\" ><h1 style=\"text-align: center;\">Nous contacter<\/h1>\n<\/div><\/section>\n\n<\/div><\/div><\/main><!-- close content main element --><\/div><\/div><div id='av-layout-grid-1'  class='av-layout-grid-container entry-content-wrapper main_color av-flex-cells     avia-builder-el-2  el_after_av_section  avia-builder-el-last  submenu-not-first container_wrap sidebar_right' style=' '  >\n<div class=\"flex_cell no_margin av_two_third  avia-builder-el-3  el_before_av_cell_one_third  avia-builder-el-first   \"  style='vertical-align:top; padding:30px 60px 30px 60px ; ' ><div class='flex_cell_inner' ><form action=\"https:\/\/argosforever.com\/fr\/contact\/\" method=\"post\"  class=\"avia_ajax_form av-form-labels-visible   avia-builder-el-4  avia-builder-el-no-sibling   \" data-avia-form-id=\"1\" data-avia-redirect='' ><fieldset><p class='  first_form  form_element form_element_third' id='element_avia_1_1'><label for=\"avia_1_1\">Nom <abbr class=\"required\" title=\"requis\">*<\/abbr><\/label> <input name=\"avia_1_1\" class=\"text_input is_empty\" type=\"text\" id=\"avia_1_1\" value=\"\" \/><\/p><p class='  form_element form_element_third' id='element_avia_2_1'><label for=\"avia_2_1\">E-Mail <abbr class=\"required\" title=\"requis\">*<\/abbr><\/label> <input name=\"avia_2_1\" class=\"text_input is_email\" type=\"text\" id=\"avia_2_1\" value=\"\" \/><\/p><p class=' form_element form_element_third' id='element_avia_3_1'><label for=\"avia_3_1\">Sujet <abbr class=\"required\" title=\"requis\">*<\/abbr><\/label> <select  name=\"avia_3_1\" class=\"select is_empty\" id=\"avia_3_1\"><option  value ='Questions produits'>Questions produits<\/option><option  value ='Paiements'>Paiements<\/option><option  value ='Livraison'>Livraison<\/option><option  value ='Remboursement'>Remboursement<\/option><option  value ='Autre'>Autre<\/option><\/select><\/p><p class='  first_form  form_element form_fullwidth' id='element_avia_4_1'><label for=\"avia_4_1\" class=\"textare_label hidden textare_label_avia_4_1\">Message <abbr class=\"required\" title=\"requis\">*<\/abbr><\/label><textarea  name=\"avia_4_1\" class=\"text_area is_empty\" cols=\"40\" rows=\"7\" id=\"avia_4_1\" ><\/textarea><\/p><p class=\"hidden\"><input type=\"text\" name=\"avia_5_1\" class=\"hidden \" id=\"avia_5_1\" value=\"\" \/><\/p><p class='   form_element form_fullwidth' id='element_avia_6_1'><span class='value_verifier_label'>4 + 0 = ?<\/span><input name=\"avia_6_1_verifier\" type=\"hidden\" id=\"avia_6_1_verifier\" value=\"271514365\"\/><label for=\"avia_6_1\">Pour prouver que vous \u00eates un humain, donnez le r\u00e9sultat de cette simple op\u00e9ration <abbr class=\"required\" title=\"requis\">*<\/abbr><\/label><input name=\"avia_6_1\" class=\"text_input captcha\" type=\"text\" id=\"avia_6_1\" value=\"\"\/><\/p><p class=\"form_element \"><input type=\"hidden\" value=\"1\" name=\"avia_generated_form1\" \/><input type=\"submit\" value=\"Envoyer\" class=\"button\"  data-sending-label=\"Envoi\"\/><\/p><\/fieldset><\/form><div id=\"ajaxresponse_1\" class=\"ajaxresponse ajaxresponse_1 hidden\"><\/div>\n<\/div><\/div><div class=\"flex_cell no_margin av_one_third  avia-builder-el-5  el_after_av_cell_two_third  avia-builder-el-last   \"  style='vertical-align:middle; padding:30px; background-color:#6786a1; ' ><div class='flex_cell_inner' ><section class=\"av_textblock_section \"  itemscope=\"itemscope\" itemtype=\"https:\/\/schema.org\/CreativeWork\" ><div class='avia_textblock  av_inherit_color '  style='color:#ffffff; '  itemprop=\"text\" ><p>ARGOSFOREVER<br \/>\n38 cours Aristide Briand<br \/>\n69300 Caluire<br \/>\nFrance<\/p>\n<p>Pour toutes informations compl\u00e9mentaires,<br \/>\nvous pouvez nous contacter :<br \/>\nT\u00e9l\u00e9phone : 06 59 49 55 97<br \/>\nou utilisez le formulaire ci-contre<\/p>\n<\/div><\/section>\n<\/div><\/div><\/div>\n","protected":false},"excerpt":{"rendered":"","protected":false},"author":1,"featured_media":0,"parent":0,"menu_order":0,"comment_status":"open","ping_status":"open","template":"","meta":[],"yoast_head":"<!-- This site is optimized with the Yoast SEO plugin v17.0 - https:\/\/yoast.com\/wordpress\/plugins\/seo\/ -->\n<title>Contact - Argosforever<\/title>\n<meta name=\"robots\" content=\"index, follow, max-snippet:-1, max-image-preview:large, max-video-preview:-1\" \/>\n<link rel=\"canonical\" href=\"https:\/\/argosforever.com\/fr\/contact\/\" \/>\n<meta property=\"og:locale\" content=\"fr_FR\" \/>\n<meta property=\"og:type\" content=\"article\" \/>\n<meta property=\"og:title\" content=\"Contact - Argosforever\" \/>\n<meta property=\"og:url\" content=\"https:\/\/argosforever.com\/fr\/contact\/\" \/>\n<meta property=\"og:site_name\" content=\"Argosforever\" \/>\n<meta property=\"article:modified_time\" content=\"2021-08-24T09:08:42+00:00\" \/>\n<meta name=\"twitter:card\" content=\"summary_large_image\" \/>\n<meta name=\"twitter:label1\" content=\"Dur\u00e9e de lecture est.\" \/>\n\t<meta name=\"twitter:data1\" content=\"1 minute\" \/>\n<script type=\"application\/ld+json\" class=\"yoast-schema-graph\">{\"@context\":\"https:\/\/schema.org\",\"@graph\":[{\"@type\":\"WebSite\",\"@id\":\"https:\/\/argosforever.com\/en\/#website\",\"url\":\"https:\/\/argosforever.com\/en\/\",\"name\":\"Argosforever\",\"description\":\"Urnes fun\\u00e9raires\",\"potentialAction\":[{\"@type\":\"SearchAction\",\"target\":{\"@type\":\"EntryPoint\",\"urlTemplate\":\"https:\/\/argosforever.com\/en\/?s={search_term_string}\"},\"query-input\":\"required name=search_term_string\"}],\"inLanguage\":\"fr-FR\"},{\"@type\":\"WebPage\",\"@id\":\"https:\/\/argosforever.com\/fr\/contact\/#webpage\",\"url\":\"https:\/\/argosforever.com\/fr\/contact\/\",\"name\":\"Contact - Argosforever\",\"isPartOf\":{\"@id\":\"https:\/\/argosforever.com\/en\/#website\"},\"datePublished\":\"2015-03-03T02:10:42+00:00\",\"dateModified\":\"2021-08-24T09:08:42+00:00\",\"breadcrumb\":{\"@id\":\"https:\/\/argosforever.com\/fr\/contact\/#breadcrumb\"},\"inLanguage\":\"fr-FR\",\"potentialAction\":[{\"@type\":\"ReadAction\",\"target\":[\"https:\/\/argosforever.com\/fr\/contact\/\"]}]},{\"@type\":\"BreadcrumbList\",\"@id\":\"https:\/\/argosforever.com\/fr\/contact\/#breadcrumb\",\"itemListElement\":[{\"@type\":\"ListItem\",\"position\":1,\"name\":\"Contact\"}]}]}<\/script>\n<!-- \/ Yoast SEO plugin. -->","yoast_head_json":{"title":"Contact - Argosforever","robots":{"index":"index","follow":"follow","max-snippet":"max-snippet:-1","max-image-preview":"max-image-preview:large","max-video-preview":"max-video-preview:-1"},"canonical":"https:\/\/argosforever.com\/fr\/contact\/","og_locale":"fr_FR","og_type":"article","og_title":"Contact - Argosforever","og_url":"https:\/\/argosforever.com\/fr\/contact\/","og_site_name":"Argosforever","article_modified_time":"2021-08-24T09:08:42+00:00","twitter_card":"summary_large_image","twitter_misc":{"Dur\u00e9e de lecture est.":"1 minute"},"schema":{"@context":"https:\/\/schema.org","@graph":[{"@type":"WebSite","@id":"https:\/\/argosforever.com\/en\/#website","url":"https:\/\/argosforever.com\/en\/","name":"Argosforever","description":"Urnes fun\u00e9raires","potentialAction":[{"@type":"SearchAction","target":{"@type":"EntryPoint","urlTemplate":"https:\/\/argosforever.com\/en\/?s={search_term_string}"},"query-input":"required name=search_term_string"}],"inLanguage":"fr-FR"},{"@type":"WebPage","@id":"https:\/\/argosforever.com\/fr\/contact\/#webpage","url":"https:\/\/argosforever.com\/fr\/contact\/","name":"Contact - Argosforever","isPartOf":{"@id":"https:\/\/argosforever.com\/en\/#website"},"datePublished":"2015-03-03T02:10:42+00:00","dateModified":"2021-08-24T09:08:42+00:00","breadcrumb":{"@id":"https:\/\/argosforever.com\/fr\/contact\/#breadcrumb"},"inLanguage":"fr-FR","potentialAction":[{"@type":"ReadAction","target":["https:\/\/argosforever.com\/fr\/contact\/"]}]},{"@type":"BreadcrumbList","@id":"https:\/\/argosforever.com\/fr\/contact\/#breadcrumb","itemListElement":[{"@type":"ListItem","position":1,"name":"Contact"}]}]}},"_links":{"self":[{"href":"https:\/\/argosforever.com\/fr\/wp-json\/wp\/v2\/pages\/1842"}],"collection":[{"href":"https:\/\/argosforever.com\/fr\/wp-json\/wp\/v2\/pages"}],"about":[{"href":"https:\/\/argosforever.com\/fr\/wp-json\/wp\/v2\/types\/page"}],"author":[{"embeddable":true,"href":"https:\/\/argosforever.com\/fr\/wp-json\/wp\/v2\/users\/1"}],"replies":[{"embeddable":true,"href":"https:\/\/argosforever.com\/fr\/wp-json\/wp\/v2\/comments?post=1842"}],"version-history":[{"count":17,"href":"https:\/\/argosforever.com\/fr\/wp-json\/wp\/v2\/pages\/1842\/revisions"}],"predecessor-version":[{"id":4476,"href":"https:\/\/argosforever.com\/fr\/wp-json\/wp\/v2\/pages\/1842\/revisions\/4476"}],"wp:attachment":[{"href":"https:\/\/argosforever.com\/fr\/wp-json\/wp\/v2\/media?parent=1842"}],"curies":[{"name":"wp","href":"https:\/\/api.w.org\/{rel}","templated":true}]}}