{"id":1843,"date":"2015-03-03T02:10:34","date_gmt":"2015-03-03T02:10:34","guid":{"rendered":"https:\/\/argosforever.com\/about\/"},"modified":"2021-08-24T09:54:21","modified_gmt":"2021-08-24T09:54:21","slug":"a-propos","status":"publish","type":"page","link":"https:\/\/argosforever.com\/fr\/a-propos\/","title":{"rendered":"A propos de Argosforever"},"content":{"rendered":"<div id='av_section_1'  class='avia-section main_color avia-section-small avia-no-border-styling  av-section-color-overlay-active avia-bg-style-parallax  avia-builder-el-0  el_before_av_layout_row  avia-builder-el-first   av-minimum-height av-minimum-height-custom  container_wrap sidebar_right' style=' '  ><div class='av-section-color-overlay-wrap'><div class='av-section-color-overlay' style='opacity: 0.7; background-color: #6786a1; '><\/div><div class='container' style='height:120px'><main  role=\"main\" itemprop=\"mainContentOfPage\"  class='template-page content  av-content-small alpha units'><div class='post-entry post-entry-type-page post-entry-1843'><div class='entry-content-wrapper clearfix'>\n<div  style='padding-bottom:10px; color:#ffffff;font-size:30px;' class='av-special-heading av-special-heading-h1 custom-color-heading blockquote modern-quote modern-centered  avia-builder-el-1  avia-builder-el-no-sibling  av-inherit-size '><h1 class='av-special-heading-tag '  itemprop=\"headline\"  >A propos de Argosforever<\/h1><div class='special-heading-border'><div class='special-heading-inner-border' style='border-color:#ffffff'><\/div><\/div><\/div>\n\n<\/div><\/div><\/main><!-- close content main element --><\/div><\/div><\/div><div id='av-layout-grid-1'  class='av-layout-grid-container entry-content-wrapper main_color av-flex-cells     avia-builder-el-2  el_after_av_section  el_before_av_layout_row  submenu-not-first container_wrap sidebar_right' style=' '  >\n<div class=\"flex_cell no_margin av_one_half  avia-builder-el-3  el_before_av_cell_one_half  avia-builder-el-first   \"  style='height:600px; min-height:600px;vertical-align:middle; padding:150px; background-color:#ffffff; ' ><div class='flex_cell_inner' ><p><div  style='padding-bottom:10px; font-size:30px;' class='av-special-heading av-special-heading-h3  blockquote modern-quote  avia-builder-el-4  el_before_av_hr  avia-builder-el-first  av-inherit-size '><h3 class='av-special-heading-tag '  itemprop=\"headline\"  >Des urnes pour animaux de compagnie 100 % \u00ab\u00a0made in France\u00a0\u00bb<\/h3><div class='special-heading-border'><div class='special-heading-inner-border' ><\/div><\/div><\/div><br \/>\n<div  style=' margin-top:30px; margin-bottom:30px;'  class='hr hr-custom hr-left hr-icon-no   avia-builder-el-5  el_after_av_heading  el_before_av_textblock '><span class='hr-inner  inner-border-av-border-fat' style=' width:50px;' ><span class='hr-inner-style'><\/span><\/span><\/div><br \/>\n<section class=\"av_textblock_section \"  itemscope=\"itemscope\" itemtype=\"https:\/\/schema.org\/CreativeWork\" ><div class='avia_textblock  '   itemprop=\"text\" ><p>Argos \u00e9tait le chien d&rsquo;Ulysse et le symbole du royaume d&rsquo;Ithaque. Argos \u00e9tait un chien fort et rapide, r\u00e9put\u00e9 pour sa capacit\u00e9 \u00e0 retrouver des objets. Il est aujourd&rsquo;hui le symbole de l&rsquo;amiti\u00e9 qui lie un chien \u00e0 son maitre, et notre source d&rsquo;inspiration.<\/p>\n<p>Chez Argosforever, nous avons constat\u00e9 que toutes les urnes pour animaux de compagnie sur le march\u00e9 sont tr\u00e8s similaires. Argosforever cultive la diff\u00e9rence &#8211; que ce soit au niveau du processus de production en France ou de l&rsquo;originalit\u00e9. Nous pensons que le plus bel hommage \u00e0 notre fid\u00e8le compagnon doir \u00eatre unique. Pour cette raison, nous proposons des urnes pour animaux de compagnie originales et esth\u00e9tiques.<\/p>\n<p>Argosforever propose des urnes fun\u00e9raires et des accessoires, fabriqu\u00e9s \u00e0 la main par des artisans fran\u00e7ais. Avec cette approche cr\u00e9ative, et un sens de l&rsquo;esth\u00e9tique qui rend notre travail si particulier, nous concevons des produits uniques pour rendre le plus bel hommage \u00e0 notre animal de compagnie.<\/p>\n<\/div><\/section><\/p>\n<\/div><\/div><div class=\"flex_cell no_margin av_one_half  avia-builder-el-7  el_after_av_cell_one_half  avia-builder-el-last   avia-full-stretch \"  style='height:600px; min-height:600px;background:url(https:\/\/argosforever.com\/wp-content\/uploads\/2020\/09\/3-Photo-d\u00e9tail-int\u00e9rieur-495x400.jpg) center center no-repeat scroll; vertical-align:top; padding:50px; ' ><div class='flex_cell_inner' ><\/div><\/div><\/div><div id='av-layout-grid-2'  class='av-layout-grid-container entry-content-wrapper main_color av-flex-cells     avia-builder-el-8  el_after_av_layout_row  el_before_av_layout_row  submenu-not-first container_wrap sidebar_right' style=' '  >\n<div class=\"flex_cell no_margin av_one_half  avia-builder-el-9  el_before_av_cell_one_half  avia-builder-el-first   avia-full-stretch \"  style='height:600px; min-height:600px;background:url(https:\/\/argosforever.com\/wp-content\/uploads\/2021\/08\/dog.jpg) center left no-repeat scroll; vertical-align:middle; padding:50px; ' ><div class='flex_cell_inner' ><\/div><\/div><div class=\"flex_cell no_margin av_one_half  avia-builder-el-10  el_after_av_cell_one_half  avia-builder-el-last   \"  style='height:600px; min-height:600px;vertical-align:middle; padding:150px; ' ><div class='flex_cell_inner' ><p><div  style='padding-bottom:10px; font-size:30px;' class='av-special-heading av-special-heading-h3  blockquote modern-quote  avia-builder-el-11  el_before_av_hr  avia-builder-el-first  av-inherit-size '><h3 class='av-special-heading-tag '  itemprop=\"headline\"  >Des urnes d\u2019exception, raison d\u2019\u00eatre de Argosforever<\/h3><div class='special-heading-border'><div class='special-heading-inner-border' ><\/div><\/div><\/div><br \/>\n<div  style=' margin-top:30px; margin-bottom:30px;'  class='hr hr-custom hr-left hr-icon-no   avia-builder-el-12  el_after_av_heading  el_before_av_textblock '><span class='hr-inner  inner-border-av-border-fat' style=' width:50px;' ><span class='hr-inner-style'><\/span><\/span><\/div><br \/>\n<section class=\"av_textblock_section \"  itemscope=\"itemscope\" itemtype=\"https:\/\/schema.org\/CreativeWork\" ><div class='avia_textblock  '   itemprop=\"text\" ><p>Notre collection d&rsquo;urnes pour chats et chiens propose une gamme fabriqu\u00e9e \u00e0 partir de mat\u00e9riaux de la plus haute qualit\u00e9. Ces urnes sont con\u00e7ues pour \u00eatre attrayantes, pour que vous puissiez garder les cendres de votre animal bien-aim\u00e9 avec vous. Elles sont toutes fabriqu\u00e9es \u00e0 la main et pr\u00e9sentent des finitions impeccables. Nous esp\u00e9rons que notre s\u00e9lection d&rsquo;urnes pour animaux de compagnie r\u00e9pondra \u00e0 vos attentes,<\/p>\n<p>L&rsquo;objet fun\u00e9raire a une forte charge symbolique. L&rsquo;urne pour animaux domestiques agit comme un support du souvenir, comme un hommage rendu \u00e0 votre animal de compagnie ador\u00e9.<\/p>\n<\/div><\/section><\/p>\n<\/div><\/div><\/div><div id='av-layout-grid-3'  class='av-layout-grid-container entry-content-wrapper main_color av-flex-cells     avia-builder-el-14  el_after_av_layout_row  avia-builder-el-last  submenu-not-first container_wrap sidebar_right' style=' '  >\n<div class=\"flex_cell no_margin av_one_half  avia-builder-el-15  el_before_av_cell_one_half  avia-builder-el-first   \"  style='height:600px; min-height:600px;vertical-align:middle; padding:150px; background-color:#6786a1; ' ><div class='flex_cell_inner' ><p><div  style='padding-bottom:10px; color:#ffffff;font-size:30px;' class='av-special-heading av-special-heading-h3 custom-color-heading blockquote modern-quote  avia-builder-el-16  el_before_av_hr  avia-builder-el-first  av-inherit-size '><h3 class='av-special-heading-tag '  itemprop=\"headline\"  >L\u2019\u00e9quipe de Argosforever<\/h3><div class='special-heading-border'><div class='special-heading-inner-border' style='border-color:#ffffff'><\/div><\/div><\/div><br \/>\n<div  style=' margin-top:30px; margin-bottom:30px;'  class='hr hr-custom hr-left hr-icon-no   avia-builder-el-17  el_after_av_heading  el_before_av_textblock '><span class='hr-inner  inner-border-av-border-fat' style=' width:50px; border-color:#ffffff;' ><span class='hr-inner-style'><\/span><\/span><\/div><br \/>\n<section class=\"av_textblock_section \"  itemscope=\"itemscope\" itemtype=\"https:\/\/schema.org\/CreativeWork\" ><div class='avia_textblock  av_inherit_color '  style='color:#ffffff; '  itemprop=\"text\" ><p>L\u2019\u00e9quipe de Argosforever, c\u2019est avant tout un amour du travail bien fait, et le respect de traditions artisanales dans le sens noble du terme.<\/p>\n<p>Au sein de l\u2019\u00e9quipe de Argosforever, deux fr\u00e8res, l\u2019un entrepreneur \u00e0 l\u2019origine du projet, Vilvan, et l\u2019autre fr\u00e8re, Matthieu, a longtemps exerc\u00e9 au sein d\u2019une maison parisienne de haute couture c\u00e9l\u00e8bre, comme Designer. Il a acquis au cours \u00a0de cette exp\u00e9rience un \u00a0go\u00fbt immod\u00e9r\u00e9 pour l\u2019exigence et l\u2019 esprit d\u2019excellence qui caract\u00e9rise le monde de la haute couture, et une approche esth\u00e9tique que l\u2019on retrouve dans la gamme de Argosforever.<\/p>\n<p>Argosforever propose des urnes uniques, r\u00e9alis\u00e9es de fa\u00e7on artisanale, \u00a0et dont \u00a0le cout est inf\u00e9rieur \u00e0 certains produits r\u00e9alis\u00e9s \u00a0en grande s\u00e9rie.<\/p>\n<\/div><\/section><\/p>\n<\/div><\/div><div class=\"flex_cell no_margin av_one_half  avia-builder-el-19  el_after_av_cell_one_half  avia-builder-el-last   avia-full-stretch \"  style='height:600px; min-height:600px;background:url(https:\/\/argosforever.com\/wp-content\/uploads\/2020\/09\/2-Photo-d\u00e9tail-int\u00e9rieur.jpg) center center no-repeat scroll; vertical-align:top; padding:50px; ' ><div class='flex_cell_inner' ><\/div><\/div><\/div><\/p>\n","protected":false},"excerpt":{"rendered":"","protected":false},"author":1,"featured_media":0,"parent":0,"menu_order":0,"comment_status":"open","ping_status":"open","template":"","meta":[],"yoast_head":"<!-- This site is optimized with the Yoast SEO plugin v17.0 - https:\/\/yoast.com\/wordpress\/plugins\/seo\/ -->\n<title>A propos de Argosforever - Argosforever<\/title>\n<meta name=\"robots\" content=\"index, follow, max-snippet:-1, max-image-preview:large, max-video-preview:-1\" \/>\n<link rel=\"canonical\" href=\"https:\/\/argosforever.com\/fr\/a-propos\/\" \/>\n<meta property=\"og:locale\" content=\"fr_FR\" \/>\n<meta property=\"og:type\" content=\"article\" \/>\n<meta property=\"og:title\" content=\"A propos de Argosforever - Argosforever\" \/>\n<meta property=\"og:url\" content=\"https:\/\/argosforever.com\/fr\/a-propos\/\" \/>\n<meta property=\"og:site_name\" content=\"Argosforever\" \/>\n<meta property=\"article:modified_time\" content=\"2021-08-24T09:54:21+00:00\" \/>\n<meta name=\"twitter:card\" content=\"summary_large_image\" \/>\n<meta name=\"twitter:label1\" content=\"Dur\u00e9e de lecture est.\" \/>\n\t<meta name=\"twitter:data1\" content=\"4 minutes\" \/>\n<script type=\"application\/ld+json\" class=\"yoast-schema-graph\">{\"@context\":\"https:\/\/schema.org\",\"@graph\":[{\"@type\":\"WebSite\",\"@id\":\"https:\/\/argosforever.com\/en\/#website\",\"url\":\"https:\/\/argosforever.com\/en\/\",\"name\":\"Argosforever\",\"description\":\"Urnes fun\\u00e9raires\",\"potentialAction\":[{\"@type\":\"SearchAction\",\"target\":{\"@type\":\"EntryPoint\",\"urlTemplate\":\"https:\/\/argosforever.com\/en\/?s={search_term_string}\"},\"query-input\":\"required name=search_term_string\"}],\"inLanguage\":\"fr-FR\"},{\"@type\":\"WebPage\",\"@id\":\"https:\/\/argosforever.com\/fr\/a-propos\/#webpage\",\"url\":\"https:\/\/argosforever.com\/fr\/a-propos\/\",\"name\":\"A propos de Argosforever - Argosforever\",\"isPartOf\":{\"@id\":\"https:\/\/argosforever.com\/en\/#website\"},\"datePublished\":\"2015-03-03T02:10:34+00:00\",\"dateModified\":\"2021-08-24T09:54:21+00:00\",\"breadcrumb\":{\"@id\":\"https:\/\/argosforever.com\/fr\/a-propos\/#breadcrumb\"},\"inLanguage\":\"fr-FR\",\"potentialAction\":[{\"@type\":\"ReadAction\",\"target\":[\"https:\/\/argosforever.com\/fr\/a-propos\/\"]}]},{\"@type\":\"BreadcrumbList\",\"@id\":\"https:\/\/argosforever.com\/fr\/a-propos\/#breadcrumb\",\"itemListElement\":[{\"@type\":\"ListItem\",\"position\":1,\"name\":\"A propos de Argosforever\"}]}]}<\/script>\n<!-- \/ Yoast SEO plugin. -->","yoast_head_json":{"title":"A propos de Argosforever - Argosforever","robots":{"index":"index","follow":"follow","max-snippet":"max-snippet:-1","max-image-preview":"max-image-preview:large","max-video-preview":"max-video-preview:-1"},"canonical":"https:\/\/argosforever.com\/fr\/a-propos\/","og_locale":"fr_FR","og_type":"article","og_title":"A propos de Argosforever - Argosforever","og_url":"https:\/\/argosforever.com\/fr\/a-propos\/","og_site_name":"Argosforever","article_modified_time":"2021-08-24T09:54:21+00:00","twitter_card":"summary_large_image","twitter_misc":{"Dur\u00e9e de lecture est.":"4 minutes"},"schema":{"@context":"https:\/\/schema.org","@graph":[{"@type":"WebSite","@id":"https:\/\/argosforever.com\/en\/#website","url":"https:\/\/argosforever.com\/en\/","name":"Argosforever","description":"Urnes fun\u00e9raires","potentialAction":[{"@type":"SearchAction","target":{"@type":"EntryPoint","urlTemplate":"https:\/\/argosforever.com\/en\/?s={search_term_string}"},"query-input":"required name=search_term_string"}],"inLanguage":"fr-FR"},{"@type":"WebPage","@id":"https:\/\/argosforever.com\/fr\/a-propos\/#webpage","url":"https:\/\/argosforever.com\/fr\/a-propos\/","name":"A propos de Argosforever - Argosforever","isPartOf":{"@id":"https:\/\/argosforever.com\/en\/#website"},"datePublished":"2015-03-03T02:10:34+00:00","dateModified":"2021-08-24T09:54:21+00:00","breadcrumb":{"@id":"https:\/\/argosforever.com\/fr\/a-propos\/#breadcrumb"},"inLanguage":"fr-FR","potentialAction":[{"@type":"ReadAction","target":["https:\/\/argosforever.com\/fr\/a-propos\/"]}]},{"@type":"BreadcrumbList","@id":"https:\/\/argosforever.com\/fr\/a-propos\/#breadcrumb","itemListElement":[{"@type":"ListItem","position":1,"name":"A propos de Argosforever"}]}]}},"_links":{"self":[{"href":"https:\/\/argosforever.com\/fr\/wp-json\/wp\/v2\/pages\/1843"}],"collection":[{"href":"https:\/\/argosforever.com\/fr\/wp-json\/wp\/v2\/pages"}],"about":[{"href":"https:\/\/argosforever.com\/fr\/wp-json\/wp\/v2\/types\/page"}],"author":[{"embeddable":true,"href":"https:\/\/argosforever.com\/fr\/wp-json\/wp\/v2\/users\/1"}],"replies":[{"embeddable":true,"href":"https:\/\/argosforever.com\/fr\/wp-json\/wp\/v2\/comments?post=1843"}],"version-history":[{"count":18,"href":"https:\/\/argosforever.com\/fr\/wp-json\/wp\/v2\/pages\/1843\/revisions"}],"predecessor-version":[{"id":4494,"href":"https:\/\/argosforever.com\/fr\/wp-json\/wp\/v2\/pages\/1843\/revisions\/4494"}],"wp:attachment":[{"href":"https:\/\/argosforever.com\/fr\/wp-json\/wp\/v2\/media?parent=1843"}],"curies":[{"name":"wp","href":"https:\/\/api.w.org\/{rel}","templated":true}]}}