{"id":4501,"date":"2021-02-18T18:45:41","date_gmt":"2021-02-18T18:45:41","guid":{"rendered":"https:\/\/argosforever.com\/frequently-asked-questions-pet-cremation-urns\/"},"modified":"2021-08-24T11:05:10","modified_gmt":"2021-08-24T11:05:10","slug":"questions-frequentes-faq","status":"publish","type":"page","link":"https:\/\/argosforever.com\/fr\/questions-frequentes-faq\/","title":{"rendered":"Questions fr\u00e9quentes &#8211; FAQ &#8211; Urnes de cr\u00e9mation pour animaux de compagnie"},"content":{"rendered":"<\/p>\n<div id='av_section_1'  class='avia-section main_color avia-section-small avia-no-border-styling  av-section-color-overlay-active avia-bg-style-parallax  avia-builder-el-0  el_before_av_textblock  avia-builder-el-first   av-minimum-height av-minimum-height-custom  container_wrap sidebar_right' style=' '  ><div class='av-section-color-overlay-wrap'><div class='av-section-color-overlay' style='opacity: 0.7; background-color: #6786a1; '><\/div><div class='container' style='height:120px'><main  role=\"main\" itemprop=\"mainContentOfPage\"  class='template-page content  av-content-small alpha units'><div class='post-entry post-entry-type-page post-entry-4501'><div class='entry-content-wrapper clearfix'>\n<div  style='padding-bottom:10px; color:#ffffff;font-size:30px;' class='av-special-heading av-special-heading-h1 custom-color-heading blockquote modern-quote modern-centered  avia-builder-el-1  avia-builder-el-no-sibling  av-inherit-size '><h1 class='av-special-heading-tag '  itemprop=\"headline\"  >Questions fr\u00e9quentes &#8211; FAQ &#8211; Urnes de cr\u00e9mation pour animaux de compagnie<\/h1><div class='special-heading-border'><div class='special-heading-inner-border' style='border-color:#ffffff'><\/div><\/div><\/div>\n<\/div><\/div><\/main><!-- close content main element --><\/div><\/div><\/div><div id='after_section_1'  class='main_color av_default_container_wrap container_wrap sidebar_right' style=' '  ><div class='container' ><div class='template-page content  av-content-small alpha units'><div class='post-entry post-entry-type-page post-entry-4501'><div class='entry-content-wrapper clearfix'><section class=\"av_textblock_section \"  itemscope=\"itemscope\" itemtype=\"https:\/\/schema.org\/CreativeWork\" ><div class='avia_textblock  '   itemprop=\"text\" ><p>Nous tentons ici de r\u00e9pondre \u00e0 toutes les questions que vous pouvez vous poser sur les urnes fun\u00e9raires pour animaux. Si vous avez d&rsquo;autres questions, n&rsquo;h\u00e9sitez pas \u00e0 contacter l&rsquo;\u00e9quipe de Argosforever<\/p>\n<p>EN QUOI LA CR\u00c9MATION EST-ELLE DIFF\u00c9RENTE DE L&rsquo;INHUMATION ?<br \/>\nLors d&rsquo;une cr\u00e9mation, le corps est r\u00e9duit \u00e0 ses \u00e9l\u00e9ments de base par la chaleur et l&rsquo;\u00e9vaporation, puis les fragments d&rsquo;os (cendres) sont transform\u00e9s en une substance pulv\u00e9rulente (restes de cr\u00e9mation). Bien que cela puisse sembler assez simple, il existe plusieurs diff\u00e9rences importantes entre l&rsquo;inhumation et la cr\u00e9mation. L&rsquo;inhumation est plus co\u00fbteuse en raison de la n\u00e9cessit\u00e9 d&rsquo;un embaumement.<\/p>\n<p>LA CR\u00c9MATION D&rsquo;UN ANIMAL DE COMPAGNIE N&rsquo;EST-ELLE PAS UNE FIN EN SOI ?<br \/>\nCertaines personnes peuvent la consid\u00e9rer comme telle, mais la plupart des familles la plupart des familles estiment que leur animal d\u00e9c\u00e9d\u00e9 m\u00e9rite qu&rsquo;on se souvienne de lui. Les urnes pour animaux et les monuments comm\u00e9moratifs sont d\u00e9sormais la norme pour les familles qui souhaitent se souvenir de leur animal bien-aim\u00e9 en lui offrant un espace sp\u00e9cifique.<\/p>\n<p>SI VOUS FAITES INCIN\u00c9RER VOTRE ANIMAL, VOULEZ-VOUS R\u00c9CUP\u00c9RER LES CENDRES ?<br \/>\nDemandez \u00e0 votre v\u00e9t\u00e9rinaire de vous orienter vers un service de cr\u00e9mation r\u00e9put\u00e9. Votre v\u00e9t\u00e9rinaire peut avoir des suggestions concernant un service de cr\u00e9mation d&rsquo;animaux de compagnie. Si vous voulez \u00eatre s\u00fbr que le service ne confondra pas votre animal avec un autre, demandez une \u00ab\u00a0cr\u00e9mation priv\u00e9e\u00a0\u00bb. Cela signifie que vous ne voulez pas que les cendres de votre animal soient m\u00e9lang\u00e9es \u00e0 celles d&rsquo;autres animaux.<\/p>\n<p>CONSEILS EN MATI\u00c8RE DE DEUIL<br \/>\nLa disparition d&rsquo;un animal de compagnie peut \u00eatre tout aussi difficile que celle d&rsquo;un membre de la famille. Le chagrin est in\u00e9vitable et nous ne sommes jamais tout \u00e0 fait pr\u00eats \u00e0 faire face \u00e0 la perte de notre compagnon bien-aim\u00e9. Nous vous recommandons fortement de faire appel \u00e0 un service professionnel d&rsquo;aide aux personnes en deuil pour vous aider, votre famille ou vos enfants \u00e0 faire face \u00e0 la perte.<\/p>\n<p>QUELLE EST LA QUALIT\u00c9 DES URNES POUR ANIMAUX DE COMPAGNIE ARGOS?<br \/>\nNos urnes pour animaux de compagnie sont fabriqu\u00e9es dans la plus haute qualit\u00e9, avec des designs sp\u00e9cifiques. Chaque urne est fabriqu\u00e9e et finie \u00e0 la main. Des mat\u00e9riaux de premi\u00e8re qualit\u00e9 tels que la porcelaine et le verre souffl\u00e9 sont utilis\u00e9s.<\/p>\n<p>J&rsquo;AIMERAIS CONSERVER LES CENDRES DE MON FIDEL COMPAGNO, QUELLES OPTIONS PROPOSEZ-VOUS?<br \/>\nNous disposons d&rsquo;une s\u00e9lection compl\u00e8te d&rsquo;urnes de cr\u00e9mation pour animaux de compagnie dans lesquelles vous pouvez placer tout ou partie des cendres de votre animal. Une urne de cr\u00e9mation pour animaux est une excellente fa\u00e7on d&rsquo;honorer votre animal bien-aim\u00e9. Il s&rsquo;agit non seulement d&rsquo;un acte respectueux, mais c&rsquo;est aussi un objet magnifique.<\/p>\n<p>COMMENT CHOISIR LA BONNE TAILLE D&rsquo;URNE POUR LES CENDRES DE MON ANIMAL ?<br \/>\nLors de l&rsquo;achat d&rsquo;une urne pour les cendres de votre animal de compagnie, la premi\u00e8re \u00e9tape pour choisir la bonne taille est d&rsquo;acheter une urne pour animaux de compagnie qui est indiqu\u00e9e comme \u00e9tant adapt\u00e9e \u00e0 la fourchette de poids de votre animal.<\/p>\n<p>COMMENT AJOUTER LES CENDRES DE MON ANIMAL DANS L&rsquo;URNE ?<br \/>\nSuivez toujours les instructions fournies par votre v\u00e9t\u00e9rinaire ou par l&rsquo;entreprise de cr\u00e9mation. En g\u00e9n\u00e9ral, ces instructions consistent \u00e0 placer les cendres de votre animal dans une bo\u00eete en plastique \u00e0 l&rsquo;int\u00e9rieur de laquelle se trouve un sac s\u00e9curis\u00e9 portant une \u00e9tiquette avec le nom de votre animal et la date de son d\u00e9c\u00e8s. Les cendres doivent rester dans ce sac.<\/p>\n<p>QUELLES SONT MES OPTIONS DE PAIEMENT ?<br \/>\nNous acceptons les modes de paiement suivants pour nos urnes pour animaux de compagnie :<br \/>\n&#8211; Les cartes de cr\u00e9dit. Nous acceptons MasterCard, VISA, American Express et Discover.<br \/>\n&#8211; Nous acceptons \u00e9galement Paypal<\/p>\n<p>COMBIEN CO\u00dbTE L&rsquo;EXP\u00c9DITION D&rsquo;UNE URNE DE CR\u00c9MATION POUR ANIMAUX ?<br \/>\nNous offrons un service d&rsquo;exp\u00e9dition gratuit pour chaque urne pour animaux de compagnie, le tout via UPS.<br \/>\n&#8211; USA &#8211; CANADA. 5-7 jours ouvrables, \u00e0 partir du jour de l&rsquo;exp\u00e9dition.<br \/>\n&#8211; EUROPE. 3 jours ouvrables, \u00e0 partir du jour de l&rsquo;exp\u00e9dition.<\/p>\n<\/div><\/section><\/p>\n","protected":false},"excerpt":{"rendered":"","protected":false},"author":1,"featured_media":0,"parent":0,"menu_order":0,"comment_status":"closed","ping_status":"closed","template":"","meta":[],"yoast_head":"<!-- This site is optimized with the Yoast SEO plugin v17.0 - https:\/\/yoast.com\/wordpress\/plugins\/seo\/ -->\n<title>Questions fr\u00e9quentes - FAQ - Urnes de cr\u00e9mation pour animaux de compagnie - Argosforever<\/title>\n<meta name=\"description\" content=\"Nous tentons ici de r\u00e9pondre \u00e0 toutes les questions que vous pouvez vous poser sur les urnes fun\u00e9raires pour animaux. Si vous avez d&#039;autres questions, n&#039;h\u00e9sitez pas \u00e0 contacter l&#039;\u00e9quipe de Argosforever\" \/>\n<meta name=\"robots\" content=\"index, follow, max-snippet:-1, max-image-preview:large, max-video-preview:-1\" \/>\n<link rel=\"canonical\" href=\"https:\/\/argosforever.com\/fr\/questions-frequentes-faq\/\" \/>\n<meta property=\"og:locale\" content=\"fr_FR\" \/>\n<meta property=\"og:type\" content=\"article\" \/>\n<meta property=\"og:title\" content=\"Questions fr\u00e9quentes - FAQ - Urnes de cr\u00e9mation pour animaux de compagnie - Argosforever\" \/>\n<meta property=\"og:description\" content=\"Nous tentons ici de r\u00e9pondre \u00e0 toutes les questions que vous pouvez vous poser sur les urnes fun\u00e9raires pour animaux. Si vous avez d&#039;autres questions, n&#039;h\u00e9sitez pas \u00e0 contacter l&#039;\u00e9quipe de Argosforever\" \/>\n<meta property=\"og:url\" content=\"https:\/\/argosforever.com\/fr\/questions-frequentes-faq\/\" \/>\n<meta property=\"og:site_name\" content=\"Argosforever\" \/>\n<meta property=\"article:modified_time\" content=\"2021-08-24T11:05:10+00:00\" \/>\n<meta name=\"twitter:card\" content=\"summary_large_image\" \/>\n<meta name=\"twitter:label1\" content=\"Dur\u00e9e de lecture est.\" \/>\n\t<meta name=\"twitter:data1\" content=\"4 minutes\" \/>\n<script type=\"application\/ld+json\" class=\"yoast-schema-graph\">{\"@context\":\"https:\/\/schema.org\",\"@graph\":[{\"@type\":\"WebSite\",\"@id\":\"https:\/\/argosforever.com\/en\/#website\",\"url\":\"https:\/\/argosforever.com\/en\/\",\"name\":\"Argosforever\",\"description\":\"Urnes fun\\u00e9raires\",\"potentialAction\":[{\"@type\":\"SearchAction\",\"target\":{\"@type\":\"EntryPoint\",\"urlTemplate\":\"https:\/\/argosforever.com\/en\/?s={search_term_string}\"},\"query-input\":\"required name=search_term_string\"}],\"inLanguage\":\"fr-FR\"},{\"@type\":\"WebPage\",\"@id\":\"https:\/\/argosforever.com\/fr\/questions-frequentes-faq\/#webpage\",\"url\":\"https:\/\/argosforever.com\/fr\/questions-frequentes-faq\/\",\"name\":\"Questions fr\\u00e9quentes - FAQ - Urnes de cr\\u00e9mation pour animaux de compagnie - Argosforever\",\"isPartOf\":{\"@id\":\"https:\/\/argosforever.com\/en\/#website\"},\"datePublished\":\"2021-02-18T18:45:41+00:00\",\"dateModified\":\"2021-08-24T11:05:10+00:00\",\"description\":\"Nous tentons ici de r\\u00e9pondre \\u00e0 toutes les questions que vous pouvez vous poser sur les urnes fun\\u00e9raires pour animaux. Si vous avez d'autres questions, n'h\\u00e9sitez pas \\u00e0 contacter l'\\u00e9quipe de Argosforever\",\"breadcrumb\":{\"@id\":\"https:\/\/argosforever.com\/fr\/questions-frequentes-faq\/#breadcrumb\"},\"inLanguage\":\"fr-FR\",\"potentialAction\":[{\"@type\":\"ReadAction\",\"target\":[\"https:\/\/argosforever.com\/fr\/questions-frequentes-faq\/\"]}]},{\"@type\":\"BreadcrumbList\",\"@id\":\"https:\/\/argosforever.com\/fr\/questions-frequentes-faq\/#breadcrumb\",\"itemListElement\":[{\"@type\":\"ListItem\",\"position\":1,\"name\":\"Questions fr\\u00e9quentes &#8211; FAQ &#8211; Urnes de cr\\u00e9mation pour animaux de compagnie\"}]}]}<\/script>\n<!-- \/ Yoast SEO plugin. -->","yoast_head_json":{"title":"Questions fr\u00e9quentes - FAQ - Urnes de cr\u00e9mation pour animaux de compagnie - Argosforever","description":"Nous tentons ici de r\u00e9pondre \u00e0 toutes les questions que vous pouvez vous poser sur les urnes fun\u00e9raires pour animaux. Si vous avez d'autres questions, n'h\u00e9sitez pas \u00e0 contacter l'\u00e9quipe de Argosforever","robots":{"index":"index","follow":"follow","max-snippet":"max-snippet:-1","max-image-preview":"max-image-preview:large","max-video-preview":"max-video-preview:-1"},"canonical":"https:\/\/argosforever.com\/fr\/questions-frequentes-faq\/","og_locale":"fr_FR","og_type":"article","og_title":"Questions fr\u00e9quentes - FAQ - Urnes de cr\u00e9mation pour animaux de compagnie - Argosforever","og_description":"Nous tentons ici de r\u00e9pondre \u00e0 toutes les questions que vous pouvez vous poser sur les urnes fun\u00e9raires pour animaux. Si vous avez d'autres questions, n'h\u00e9sitez pas \u00e0 contacter l'\u00e9quipe de Argosforever","og_url":"https:\/\/argosforever.com\/fr\/questions-frequentes-faq\/","og_site_name":"Argosforever","article_modified_time":"2021-08-24T11:05:10+00:00","twitter_card":"summary_large_image","twitter_misc":{"Dur\u00e9e de lecture est.":"4 minutes"},"schema":{"@context":"https:\/\/schema.org","@graph":[{"@type":"WebSite","@id":"https:\/\/argosforever.com\/en\/#website","url":"https:\/\/argosforever.com\/en\/","name":"Argosforever","description":"Urnes fun\u00e9raires","potentialAction":[{"@type":"SearchAction","target":{"@type":"EntryPoint","urlTemplate":"https:\/\/argosforever.com\/en\/?s={search_term_string}"},"query-input":"required name=search_term_string"}],"inLanguage":"fr-FR"},{"@type":"WebPage","@id":"https:\/\/argosforever.com\/fr\/questions-frequentes-faq\/#webpage","url":"https:\/\/argosforever.com\/fr\/questions-frequentes-faq\/","name":"Questions fr\u00e9quentes - FAQ - Urnes de cr\u00e9mation pour animaux de compagnie - Argosforever","isPartOf":{"@id":"https:\/\/argosforever.com\/en\/#website"},"datePublished":"2021-02-18T18:45:41+00:00","dateModified":"2021-08-24T11:05:10+00:00","description":"Nous tentons ici de r\u00e9pondre \u00e0 toutes les questions que vous pouvez vous poser sur les urnes fun\u00e9raires pour animaux. Si vous avez d'autres questions, n'h\u00e9sitez pas \u00e0 contacter l'\u00e9quipe de Argosforever","breadcrumb":{"@id":"https:\/\/argosforever.com\/fr\/questions-frequentes-faq\/#breadcrumb"},"inLanguage":"fr-FR","potentialAction":[{"@type":"ReadAction","target":["https:\/\/argosforever.com\/fr\/questions-frequentes-faq\/"]}]},{"@type":"BreadcrumbList","@id":"https:\/\/argosforever.com\/fr\/questions-frequentes-faq\/#breadcrumb","itemListElement":[{"@type":"ListItem","position":1,"name":"Questions fr\u00e9quentes &#8211; FAQ &#8211; Urnes de cr\u00e9mation pour animaux de compagnie"}]}]}},"_links":{"self":[{"href":"https:\/\/argosforever.com\/fr\/wp-json\/wp\/v2\/pages\/4501"}],"collection":[{"href":"https:\/\/argosforever.com\/fr\/wp-json\/wp\/v2\/pages"}],"about":[{"href":"https:\/\/argosforever.com\/fr\/wp-json\/wp\/v2\/types\/page"}],"author":[{"embeddable":true,"href":"https:\/\/argosforever.com\/fr\/wp-json\/wp\/v2\/users\/1"}],"replies":[{"embeddable":true,"href":"https:\/\/argosforever.com\/fr\/wp-json\/wp\/v2\/comments?post=4501"}],"version-history":[{"count":7,"href":"https:\/\/argosforever.com\/fr\/wp-json\/wp\/v2\/pages\/4501\/revisions"}],"predecessor-version":[{"id":4510,"href":"https:\/\/argosforever.com\/fr\/wp-json\/wp\/v2\/pages\/4501\/revisions\/4510"}],"wp:attachment":[{"href":"https:\/\/argosforever.com\/fr\/wp-json\/wp\/v2\/media?parent=4501"}],"curies":[{"name":"wp","href":"https:\/\/api.w.org\/{rel}","templated":true}]}}