{"id":4540,"date":"2021-08-25T18:31:39","date_gmt":"2021-08-25T18:31:39","guid":{"rendered":"https:\/\/argosforever.com\/what-size-urn-will-you-need-need-for-your-pet\/"},"modified":"2021-08-25T19:26:49","modified_gmt":"2021-08-25T19:26:49","slug":"quelle-taille-d-urne-animal-de-compagnie","status":"publish","type":"page","link":"https:\/\/argosforever.com\/fr\/quelle-taille-d-urne-animal-de-compagnie\/","title":{"rendered":"De quelle taille d&rsquo;urne aurez-vous besoin pour votre animal de compagnie ?"},"content":{"rendered":"<div class=\"flex_column av_one_full  flex_column_div av-zero-column-padding first  avia-builder-el-0  avia-builder-el-no-sibling  \" style='border-radius:0px; '><section class=\"av_textblock_section \"  itemscope=\"itemscope\" itemtype=\"https:\/\/schema.org\/CreativeWork\" ><div class='avia_textblock  '   itemprop=\"text\" ><h1>De quelle taille d&rsquo;urne aurez-vous besoin pour votre votre animal de compagnie ?<\/h1>\n<\/div><\/section><br \/>\n<section class=\"av_textblock_section \"  itemscope=\"itemscope\" itemtype=\"https:\/\/schema.org\/CreativeWork\" ><div class='avia_textblock  '   itemprop=\"text\" ><p>En tant que proche et maitre, vous souhaitez offrir \u00e0 votre animal de compagnie bien-aim\u00e9 un dernier adieu digne de ce nom. Ce guide vous orientera dans le choix de la bonne taille. Si vous souhaitez mettre toutes les cendres de votre chien ou chat dans une urne, vous devez d&rsquo;abord tenir compte du poids de celui-ci.<\/p>\n<p>Savoir quelle taille d&rsquo;urne acheter pour les cendres de votre chien ou chat peut sembler d\u00e9routant, mais ce n&rsquo;est pas si difficile. La capacit\u00e9 de l&rsquo;urne est mesur\u00e9e en cl, mais si vous connaissez le poids de votre fid\u00e8le compagnon, il est facile de faire la conversion.<\/p>\n<\/div><\/section><br \/>\n<section class=\"av_textblock_section \"  itemscope=\"itemscope\" itemtype=\"https:\/\/schema.org\/CreativeWork\" ><div class='avia_textblock  '   itemprop=\"text\" ><table width=\"517\">\n<tbody>\n<tr>\n<td width=\"112\"><strong>Dimension<\/strong><\/td>\n<td width=\"155\"><strong>Contenance<\/strong><\/td>\n<td width=\"125\"><strong>Matiere\u00a0<\/strong><\/td>\n<td width=\"125\"><strong>Poids de l&rsquo;animal<\/strong><\/td>\n<\/tr>\n<tr>\n<td>L75*L75*H30<\/td>\n<td>0,30 L<\/td>\n<td width=\"125\">Porcelaine de limoges<\/td>\n<td width=\"125\">Jusqu&rsquo;\u00e0 10 Kl<\/td>\n<\/tr>\n<tr>\n<td><\/td>\n<td><\/td>\n<td width=\"125\"><\/td>\n<td width=\"125\"><\/td>\n<\/tr>\n<tr>\n<td>L140*L140*H80<\/td>\n<td>0,60 L<\/td>\n<td width=\"125\">Porcelaine de limoges<\/td>\n<td width=\"125\">Jusqu&rsquo;\u00e0 20 Kl<\/td>\n<\/tr>\n<tr>\n<td><\/td>\n<td><\/td>\n<td width=\"125\"><\/td>\n<td width=\"125\"><\/td>\n<\/tr>\n<tr>\n<td>L170*L170*H90<\/td>\n<td>1,2 L<\/td>\n<td width=\"125\">Porcelaine de limoges<\/td>\n<td width=\"125\">Jusqu&rsquo;\u00e0 40 Kl<\/td>\n<\/tr>\n<tr>\n<td><\/td>\n<td><\/td>\n<td width=\"125\"><\/td>\n<td width=\"125\"><\/td>\n<\/tr>\n<tr>\n<td>L230*L230*H95<\/td>\n<td>2,4 L<\/td>\n<td width=\"125\">Porcelaine de limoges<\/td>\n<td width=\"125\">Jusqu&rsquo;\u00e0 60 Kl<\/td>\n<\/tr>\n<tr>\n<td colspan=\"4\"><\/td>\n<\/tr>\n<tr>\n<td><strong>Dimension<\/strong><\/td>\n<td><strong>Contenance<\/strong><\/td>\n<td><strong>Matiere\u00a0<\/strong><\/td>\n<td><strong>Poids de l&rsquo;animal<\/strong><\/td>\n<\/tr>\n<tr>\n<td>L105*L105*H60<\/td>\n<td>0,35 Cl<\/td>\n<td width=\"125\">Verre soufll\u00e9<\/td>\n<td width=\"125\">Jusqu&rsquo;\u00e0 10 Kl<\/td>\n<\/tr>\n<tr>\n<td><\/td>\n<td><\/td>\n<td width=\"125\"><\/td>\n<td width=\"125\"><\/td>\n<\/tr>\n<tr>\n<td>L140*L40*H95<\/td>\n<td>0,75 Cl<\/td>\n<td width=\"125\">Verre soufll\u00e9<\/td>\n<td width=\"125\">Jusqu&rsquo;\u00e0 25 Kl<\/td>\n<\/tr>\n<tr>\n<td><\/td>\n<td><\/td>\n<td width=\"125\"><\/td>\n<td width=\"125\"><\/td>\n<\/tr>\n<tr>\n<td>L230*L230*H95<\/td>\n<td>1,5 L<\/td>\n<td width=\"125\">Verre soufll\u00e9<\/td>\n<td width=\"125\">Jusqu&rsquo;\u00e0 40 Kl<\/td>\n<\/tr>\n<\/tbody>\n<\/table>\n<\/div><\/section><\/p><\/div>\n","protected":false},"excerpt":{"rendered":"","protected":false},"author":1,"featured_media":0,"parent":0,"menu_order":0,"comment_status":"closed","ping_status":"closed","template":"","meta":[],"yoast_head":"<!-- This site is optimized with the Yoast SEO plugin v17.0 - https:\/\/yoast.com\/wordpress\/plugins\/seo\/ -->\n<title>De quelle taille d&#039;urne aurez-vous besoin pour votre animal de compagnie ? - Argosforever<\/title>\n<meta name=\"description\" content=\"Vous souhaitez offrir \u00e0 votre animal de compagnie bien-aim\u00e9 un dernier adieu digne de ce nom. Ce guide vous orientera dans le choix de la bonne taille.\" \/>\n<meta name=\"robots\" content=\"index, follow, max-snippet:-1, max-image-preview:large, max-video-preview:-1\" \/>\n<link rel=\"canonical\" href=\"https:\/\/argosforever.com\/fr\/quelle-taille-d-urne-animal-de-compagnie\/\" \/>\n<meta property=\"og:locale\" content=\"fr_FR\" \/>\n<meta property=\"og:type\" content=\"article\" \/>\n<meta property=\"og:title\" content=\"De quelle taille d&#039;urne aurez-vous besoin pour votre animal de compagnie ? - Argosforever\" \/>\n<meta property=\"og:description\" content=\"Vous souhaitez offrir \u00e0 votre animal de compagnie bien-aim\u00e9 un dernier adieu digne de ce nom. Ce guide vous orientera dans le choix de la bonne taille.\" \/>\n<meta property=\"og:url\" content=\"https:\/\/argosforever.com\/fr\/quelle-taille-d-urne-animal-de-compagnie\/\" \/>\n<meta property=\"og:site_name\" content=\"Argosforever\" \/>\n<meta property=\"article:modified_time\" content=\"2021-08-25T19:26:49+00:00\" \/>\n<meta name=\"twitter:card\" content=\"summary_large_image\" \/>\n<meta name=\"twitter:label1\" content=\"Dur\u00e9e de lecture est.\" \/>\n\t<meta name=\"twitter:data1\" content=\"2 minutes\" \/>\n<script type=\"application\/ld+json\" class=\"yoast-schema-graph\">{\"@context\":\"https:\/\/schema.org\",\"@graph\":[{\"@type\":\"WebSite\",\"@id\":\"https:\/\/argosforever.com\/en\/#website\",\"url\":\"https:\/\/argosforever.com\/en\/\",\"name\":\"Argosforever\",\"description\":\"Urnes fun\\u00e9raires\",\"potentialAction\":[{\"@type\":\"SearchAction\",\"target\":{\"@type\":\"EntryPoint\",\"urlTemplate\":\"https:\/\/argosforever.com\/en\/?s={search_term_string}\"},\"query-input\":\"required name=search_term_string\"}],\"inLanguage\":\"fr-FR\"},{\"@type\":\"WebPage\",\"@id\":\"https:\/\/argosforever.com\/fr\/quelle-taille-d-urne-animal-de-compagnie\/#webpage\",\"url\":\"https:\/\/argosforever.com\/fr\/quelle-taille-d-urne-animal-de-compagnie\/\",\"name\":\"De quelle taille d'urne aurez-vous besoin pour votre animal de compagnie ? - Argosforever\",\"isPartOf\":{\"@id\":\"https:\/\/argosforever.com\/en\/#website\"},\"datePublished\":\"2021-08-25T18:31:39+00:00\",\"dateModified\":\"2021-08-25T19:26:49+00:00\",\"description\":\"Vous souhaitez offrir \\u00e0 votre animal de compagnie bien-aim\\u00e9 un dernier adieu digne de ce nom. Ce guide vous orientera dans le choix de la bonne taille.\",\"breadcrumb\":{\"@id\":\"https:\/\/argosforever.com\/fr\/quelle-taille-d-urne-animal-de-compagnie\/#breadcrumb\"},\"inLanguage\":\"fr-FR\",\"potentialAction\":[{\"@type\":\"ReadAction\",\"target\":[\"https:\/\/argosforever.com\/fr\/quelle-taille-d-urne-animal-de-compagnie\/\"]}]},{\"@type\":\"BreadcrumbList\",\"@id\":\"https:\/\/argosforever.com\/fr\/quelle-taille-d-urne-animal-de-compagnie\/#breadcrumb\",\"itemListElement\":[{\"@type\":\"ListItem\",\"position\":1,\"name\":\"De quelle taille d&#8217;urne aurez-vous besoin pour votre animal de compagnie ?\"}]}]}<\/script>\n<!-- \/ Yoast SEO plugin. -->","yoast_head_json":{"title":"De quelle taille d'urne aurez-vous besoin pour votre animal de compagnie ? - Argosforever","description":"Vous souhaitez offrir \u00e0 votre animal de compagnie bien-aim\u00e9 un dernier adieu digne de ce nom. Ce guide vous orientera dans le choix de la bonne taille.","robots":{"index":"index","follow":"follow","max-snippet":"max-snippet:-1","max-image-preview":"max-image-preview:large","max-video-preview":"max-video-preview:-1"},"canonical":"https:\/\/argosforever.com\/fr\/quelle-taille-d-urne-animal-de-compagnie\/","og_locale":"fr_FR","og_type":"article","og_title":"De quelle taille d'urne aurez-vous besoin pour votre animal de compagnie ? - Argosforever","og_description":"Vous souhaitez offrir \u00e0 votre animal de compagnie bien-aim\u00e9 un dernier adieu digne de ce nom. Ce guide vous orientera dans le choix de la bonne taille.","og_url":"https:\/\/argosforever.com\/fr\/quelle-taille-d-urne-animal-de-compagnie\/","og_site_name":"Argosforever","article_modified_time":"2021-08-25T19:26:49+00:00","twitter_card":"summary_large_image","twitter_misc":{"Dur\u00e9e de lecture est.":"2 minutes"},"schema":{"@context":"https:\/\/schema.org","@graph":[{"@type":"WebSite","@id":"https:\/\/argosforever.com\/en\/#website","url":"https:\/\/argosforever.com\/en\/","name":"Argosforever","description":"Urnes fun\u00e9raires","potentialAction":[{"@type":"SearchAction","target":{"@type":"EntryPoint","urlTemplate":"https:\/\/argosforever.com\/en\/?s={search_term_string}"},"query-input":"required name=search_term_string"}],"inLanguage":"fr-FR"},{"@type":"WebPage","@id":"https:\/\/argosforever.com\/fr\/quelle-taille-d-urne-animal-de-compagnie\/#webpage","url":"https:\/\/argosforever.com\/fr\/quelle-taille-d-urne-animal-de-compagnie\/","name":"De quelle taille d'urne aurez-vous besoin pour votre animal de compagnie ? - Argosforever","isPartOf":{"@id":"https:\/\/argosforever.com\/en\/#website"},"datePublished":"2021-08-25T18:31:39+00:00","dateModified":"2021-08-25T19:26:49+00:00","description":"Vous souhaitez offrir \u00e0 votre animal de compagnie bien-aim\u00e9 un dernier adieu digne de ce nom. Ce guide vous orientera dans le choix de la bonne taille.","breadcrumb":{"@id":"https:\/\/argosforever.com\/fr\/quelle-taille-d-urne-animal-de-compagnie\/#breadcrumb"},"inLanguage":"fr-FR","potentialAction":[{"@type":"ReadAction","target":["https:\/\/argosforever.com\/fr\/quelle-taille-d-urne-animal-de-compagnie\/"]}]},{"@type":"BreadcrumbList","@id":"https:\/\/argosforever.com\/fr\/quelle-taille-d-urne-animal-de-compagnie\/#breadcrumb","itemListElement":[{"@type":"ListItem","position":1,"name":"De quelle taille d&#8217;urne aurez-vous besoin pour votre animal de compagnie ?"}]}]}},"_links":{"self":[{"href":"https:\/\/argosforever.com\/fr\/wp-json\/wp\/v2\/pages\/4540"}],"collection":[{"href":"https:\/\/argosforever.com\/fr\/wp-json\/wp\/v2\/pages"}],"about":[{"href":"https:\/\/argosforever.com\/fr\/wp-json\/wp\/v2\/types\/page"}],"author":[{"embeddable":true,"href":"https:\/\/argosforever.com\/fr\/wp-json\/wp\/v2\/users\/1"}],"replies":[{"embeddable":true,"href":"https:\/\/argosforever.com\/fr\/wp-json\/wp\/v2\/comments?post=4540"}],"version-history":[{"count":14,"href":"https:\/\/argosforever.com\/fr\/wp-json\/wp\/v2\/pages\/4540\/revisions"}],"predecessor-version":[{"id":4560,"href":"https:\/\/argosforever.com\/fr\/wp-json\/wp\/v2\/pages\/4540\/revisions\/4560"}],"wp:attachment":[{"href":"https:\/\/argosforever.com\/fr\/wp-json\/wp\/v2\/media?parent=4540"}],"curies":[{"name":"wp","href":"https:\/\/api.w.org\/{rel}","templated":true}]}}