{"id":1166,"date":"2020-10-04T16:46:28","date_gmt":"2020-07-16T17:27:10","guid":{"rendered":"https:\/\/argosforever.com\/product\/solaris-blanc-email\/"},"modified":"2020-10-21T16:41:06","modified_gmt":"2020-10-21T16:41:06","slug":"urne-funeraire-solaris-blanc-email","status":"publish","type":"product","link":"https:\/\/argosforever.com\/fr\/product\/urne-funeraire-solaris-blanc-email\/","title":{"rendered":"Urne fun\u00e9raire Solaris Blanc Email en porcelaine de Limoges"},"content":{"rendered":"<p>Confectionn\u00e9e en porcelaine de Limoges, l\u2019urne fun\u00e9raire Solaris Blanc Email est accompagn\u00e9e d\u2019un fermoir en m\u00e9tal et d\u2019un m\u00e9daillon dor\u00e9 \u00e0 l\u2019or fin ou argent, symbole du lien \u00e9ternel avec le disparu. Ce m\u00e9daillon pourra \u00eatre d\u00e9pos\u00e9 sur le fermoir dans une loge pr\u00e9vue \u00e0 cet effet ou conserv\u00e9 comme objet de m\u00e9moire.<\/p>\n<p>. Cette urne fun\u00e9raire peut \u00eatre d\u00e9pos\u00e9e dans un endroit chez vous ou dans le columbarium d\u2019un cimeti\u00e8re.<br \/>\n. Urne aux formes \u00e9pur\u00e9es en porcelaine de Limoges, r\u00e9alis\u00e9e et peaufin\u00e9e \u00e0 la main par un artisan talentueux, en France. Nos produits font l\u2019objet de toutes les attentions et du m\u00eame amour.<br \/>\n. L\u2019urne fun\u00e9raire Solaris dispose d\u2019un syst\u00e8me de fermeture qui accueille un m\u00e9daillon comportant diff\u00e9rents graphismes, dor\u00e9 \u00e0 l\u2019or fin ou argent.<br \/>\n. Le m\u00e9daillon : port\u00e9 au bout d\u2019une cha\u00eenette,il est le lien de m\u00e9moire physique avec la personne disparue. Il peut par ailleurs rester incrust\u00e9 au sein du dispositif. \u00c9l\u00e9ment du rituel, la cl\u00e9 peut \u00eatre remise \u00e0 la famille \u00e0 l\u2019issue de la c\u00e9r\u00e9monie. Symboliquement, les proches sont d\u00e9sormais les gardiens de la m\u00e9moire.<br \/>\n. Le blanc, synth\u00e8se de toutes les couleurs, a une place particuli\u00e8re dans le symbolisme des couleurs. Il \u00e9voque la puret\u00e9, et est souventi associ\u00e9 aux anges et \u00e0 la religion dans un sens plus large.<br \/>\n. Capacit\u00e9 4 L, dimensions L250*L250*H150 mmm<\/p>\n<p>Argosforever vous propose une livraison gratuite \u00e0 domicile, ou tout autre lieu \u00e0 votre convenance, en France.<br \/>\nTous nos produits sont livr\u00e9s par un transporteur sp\u00e9cialis\u00e9. Que ce soit pour nos reliquaires, nos urnes, ou autres accessoires, nous les emballons avec soin dans des cartons renforc\u00e9s.<\/p>\n","protected":false},"excerpt":{"rendered":"<p>La douleur de la perte de l&rsquo;\u00eatre cher est inimaginable et l&rsquo;urne fun\u00e9raire Solaris Blanc Email ne pourra pas le remplacer, mais elle pourra en att\u00e9nuer la douleur. Avec l&rsquo;urne fun\u00e9raire Solaris Blanc Email, votre proche est toujours pr\u00e8s de vous, quoi qu&rsquo;il arrive.<br \/>\nACHETER L\u2019URNE ET LE MEDAILLON:<\/p>\n","protected":false},"featured_media":1785,"comment_status":"closed","ping_status":"closed","template":"","meta":[],"product_cat":[232],"product_tag":[],"yoast_head":"<!-- This site is optimized with the Yoast SEO plugin v17.0 - https:\/\/yoast.com\/wordpress\/plugins\/seo\/ -->\n<title>Urne fun\u00e9raire Solaris Blanc \u00c9mail en porcelaine de Limoges<\/title>\n<meta name=\"description\" content=\"Un design \u00e9l\u00e9gant, apaisant et intemporel, pour celles et ceux qui ont perdu un \u00eatre cher. Un bel hommage \u00e0 la personne disparue.\" \/>\n<meta name=\"robots\" content=\"index, follow, max-snippet:-1, max-image-preview:large, max-video-preview:-1\" \/>\n<link rel=\"canonical\" href=\"https:\/\/argosforever.com\/fr\/product\/urne-funeraire-solaris-blanc-email\/\" \/>\n<meta property=\"og:locale\" content=\"fr_FR\" \/>\n<meta property=\"og:type\" content=\"article\" \/>\n<meta property=\"og:title\" content=\"Urne fun\u00e9raire Solaris Blanc \u00c9mail en porcelaine de Limoges\" \/>\n<meta property=\"og:description\" content=\"Un design \u00e9l\u00e9gant, apaisant et intemporel, pour celles et ceux qui ont perdu un \u00eatre cher. Un bel hommage \u00e0 la personne disparue.\" \/>\n<meta property=\"og:url\" content=\"https:\/\/argosforever.com\/fr\/product\/urne-funeraire-solaris-blanc-email\/\" \/>\n<meta property=\"og:site_name\" content=\"Argosforever\" \/>\n<meta property=\"article:modified_time\" content=\"2020-10-21T16:41:06+00:00\" \/>\n<meta name=\"twitter:card\" content=\"summary_large_image\" \/>\n<meta name=\"twitter:label1\" content=\"Dur\u00e9e de lecture est.\" \/>\n\t<meta name=\"twitter:data1\" content=\"2 minutes\" \/>\n<script type=\"application\/ld+json\" class=\"yoast-schema-graph\">{\"@context\":\"https:\/\/schema.org\",\"@graph\":[{\"@type\":\"WebSite\",\"@id\":\"https:\/\/argosforever.com\/en\/#website\",\"url\":\"https:\/\/argosforever.com\/en\/\",\"name\":\"Argosforever\",\"description\":\"Urnes fun\\u00e9raires\",\"potentialAction\":[{\"@type\":\"SearchAction\",\"target\":{\"@type\":\"EntryPoint\",\"urlTemplate\":\"https:\/\/argosforever.com\/en\/?s={search_term_string}\"},\"query-input\":\"required name=search_term_string\"}],\"inLanguage\":\"fr-FR\"},{\"@type\":\"ImageObject\",\"@id\":\"https:\/\/argosforever.com\/fr\/product\/urne-funeraire-solaris-blanc-email\/#primaryimage\",\"inLanguage\":\"fr-FR\",\"url\":\"\",\"contentUrl\":\"\"},{\"@type\":\"WebPage\",\"@id\":\"https:\/\/argosforever.com\/fr\/product\/urne-funeraire-solaris-blanc-email\/#webpage\",\"url\":\"https:\/\/argosforever.com\/fr\/product\/urne-funeraire-solaris-blanc-email\/\",\"name\":\"Urne fun\\u00e9raire Solaris Blanc \\u00c9mail en porcelaine de Limoges\",\"isPartOf\":{\"@id\":\"https:\/\/argosforever.com\/en\/#website\"},\"primaryImageOfPage\":{\"@id\":\"https:\/\/argosforever.com\/fr\/product\/urne-funeraire-solaris-blanc-email\/#primaryimage\"},\"datePublished\":\"2020-07-16T17:27:10+00:00\",\"dateModified\":\"2020-10-21T16:41:06+00:00\",\"description\":\"Un design \\u00e9l\\u00e9gant, apaisant et intemporel, pour celles et ceux qui ont perdu un \\u00eatre cher. Un bel hommage \\u00e0 la personne disparue.\",\"breadcrumb\":{\"@id\":\"https:\/\/argosforever.com\/fr\/product\/urne-funeraire-solaris-blanc-email\/#breadcrumb\"},\"inLanguage\":\"fr-FR\",\"potentialAction\":[{\"@type\":\"ReadAction\",\"target\":[\"https:\/\/argosforever.com\/fr\/product\/urne-funeraire-solaris-blanc-email\/\"]}]},{\"@type\":\"BreadcrumbList\",\"@id\":\"https:\/\/argosforever.com\/fr\/product\/urne-funeraire-solaris-blanc-email\/#breadcrumb\",\"itemListElement\":[{\"@type\":\"ListItem\",\"position\":1,\"name\":\"Shop\",\"item\":\"https:\/\/argosforever.com\/fr\/shop\/\"},{\"@type\":\"ListItem\",\"position\":2,\"name\":\"Urne fun\\u00e9raire Solaris Blanc Email en porcelaine de Limoges\"}]}]}<\/script>\n<!-- \/ Yoast SEO plugin. -->","yoast_head_json":{"title":"Urne fun\u00e9raire Solaris Blanc \u00c9mail en porcelaine de Limoges","description":"Un design \u00e9l\u00e9gant, apaisant et intemporel, pour celles et ceux qui ont perdu un \u00eatre cher. Un bel hommage \u00e0 la personne disparue.","robots":{"index":"index","follow":"follow","max-snippet":"max-snippet:-1","max-image-preview":"max-image-preview:large","max-video-preview":"max-video-preview:-1"},"canonical":"https:\/\/argosforever.com\/fr\/product\/urne-funeraire-solaris-blanc-email\/","og_locale":"fr_FR","og_type":"article","og_title":"Urne fun\u00e9raire Solaris Blanc \u00c9mail en porcelaine de Limoges","og_description":"Un design \u00e9l\u00e9gant, apaisant et intemporel, pour celles et ceux qui ont perdu un \u00eatre cher. Un bel hommage \u00e0 la personne disparue.","og_url":"https:\/\/argosforever.com\/fr\/product\/urne-funeraire-solaris-blanc-email\/","og_site_name":"Argosforever","article_modified_time":"2020-10-21T16:41:06+00:00","twitter_card":"summary_large_image","twitter_misc":{"Dur\u00e9e de lecture est.":"2 minutes"},"schema":{"@context":"https:\/\/schema.org","@graph":[{"@type":"WebSite","@id":"https:\/\/argosforever.com\/en\/#website","url":"https:\/\/argosforever.com\/en\/","name":"Argosforever","description":"Urnes fun\u00e9raires","potentialAction":[{"@type":"SearchAction","target":{"@type":"EntryPoint","urlTemplate":"https:\/\/argosforever.com\/en\/?s={search_term_string}"},"query-input":"required name=search_term_string"}],"inLanguage":"fr-FR"},{"@type":"ImageObject","@id":"https:\/\/argosforever.com\/fr\/product\/urne-funeraire-solaris-blanc-email\/#primaryimage","inLanguage":"fr-FR","url":"","contentUrl":""},{"@type":"WebPage","@id":"https:\/\/argosforever.com\/fr\/product\/urne-funeraire-solaris-blanc-email\/#webpage","url":"https:\/\/argosforever.com\/fr\/product\/urne-funeraire-solaris-blanc-email\/","name":"Urne fun\u00e9raire Solaris Blanc \u00c9mail en porcelaine de Limoges","isPartOf":{"@id":"https:\/\/argosforever.com\/en\/#website"},"primaryImageOfPage":{"@id":"https:\/\/argosforever.com\/fr\/product\/urne-funeraire-solaris-blanc-email\/#primaryimage"},"datePublished":"2020-07-16T17:27:10+00:00","dateModified":"2020-10-21T16:41:06+00:00","description":"Un design \u00e9l\u00e9gant, apaisant et intemporel, pour celles et ceux qui ont perdu un \u00eatre cher. Un bel hommage \u00e0 la personne disparue.","breadcrumb":{"@id":"https:\/\/argosforever.com\/fr\/product\/urne-funeraire-solaris-blanc-email\/#breadcrumb"},"inLanguage":"fr-FR","potentialAction":[{"@type":"ReadAction","target":["https:\/\/argosforever.com\/fr\/product\/urne-funeraire-solaris-blanc-email\/"]}]},{"@type":"BreadcrumbList","@id":"https:\/\/argosforever.com\/fr\/product\/urne-funeraire-solaris-blanc-email\/#breadcrumb","itemListElement":[{"@type":"ListItem","position":1,"name":"Shop","item":"https:\/\/argosforever.com\/fr\/shop\/"},{"@type":"ListItem","position":2,"name":"Urne fun\u00e9raire Solaris Blanc Email en porcelaine de Limoges"}]}]}},"_links":{"self":[{"href":"https:\/\/argosforever.com\/fr\/wp-json\/wp\/v2\/product\/1166"}],"collection":[{"href":"https:\/\/argosforever.com\/fr\/wp-json\/wp\/v2\/product"}],"about":[{"href":"https:\/\/argosforever.com\/fr\/wp-json\/wp\/v2\/types\/product"}],"replies":[{"embeddable":true,"href":"https:\/\/argosforever.com\/fr\/wp-json\/wp\/v2\/comments?post=1166"}],"wp:featuredmedia":[{"embeddable":true,"href":"https:\/\/argosforever.com\/fr\/wp-json\/wp\/v2\/media\/1785"}],"wp:attachment":[{"href":"https:\/\/argosforever.com\/fr\/wp-json\/wp\/v2\/media?parent=1166"}],"wp:term":[{"taxonomy":"product_cat","embeddable":true,"href":"https:\/\/argosforever.com\/fr\/wp-json\/wp\/v2\/product_cat?post=1166"},{"taxonomy":"product_tag","embeddable":true,"href":"https:\/\/argosforever.com\/fr\/wp-json\/wp\/v2\/product_tag?post=1166"}],"curies":[{"name":"wp","href":"https:\/\/api.w.org\/{rel}","templated":true}]}}