{"id":1176,"date":"2020-10-04T16:46:15","date_gmt":"2020-07-16T17:27:20","guid":{"rendered":"https:\/\/argosforever.com\/product\/gloria-2-blanc\/"},"modified":"2020-10-21T16:40:12","modified_gmt":"2020-10-21T16:40:12","slug":"urne-funeraire-gloria-2-blanc","status":"publish","type":"product","link":"https:\/\/argosforever.com\/fr\/product\/urne-funeraire-gloria-2-blanc\/","title":{"rendered":"Urne fun\u00e9raire Corian Gloria 2 Blanc"},"content":{"rendered":"<p>L\u2019urne fun\u00e9raire Gloria, au design \u00e9l\u00e9gant, apaisant et esth\u00e9tiquement intemporel, est pens\u00e9e pour celles et ceux qui ont perdu un \u00eatre cher. L\u2019objectif est de rendre hommage \u00e0 la personne disparue en cr\u00e9ant un lien m\u00e9moriel avec l\u2019invisible.<\/p>\n<p>. Cette urne fun\u00e9raire peut \u00eatre d\u00e9pos\u00e9e dans un endroit chez vous ou dans le columbarium d\u2019un cimeti\u00e8re.<br \/>\n. Urne aux formes \u00e9pur\u00e9es en Corian, r\u00e9alis\u00e9e \u00e0 la main par un artisan talentueux, en France. Nos produits font l\u2019objet de toutes les attentions et du m\u00eame amour.<br \/>\n. L\u2019urne fun\u00e9raire Gloria dispose d\u2019un syst\u00e8me de fermeture qui accueille un m\u00e9daillon comportant diff\u00e9rents graphismes, dor\u00e9 \u00e0 l\u2019or fin ou argent.<br \/>\n. Le m\u00e9daillon, port\u00e9 au bout d\u2019une cha\u00eenette, est le lien de m\u00e9moire physique avec la personne disparue. Il peut par ailleurs rester incrust\u00e9 au sein du dispositif. \u00c9l\u00e9ment du rituel, la cl\u00e9 peut \u00eatre remise \u00e0 la famille \u00e0 l\u2019issue de la c\u00e9r\u00e9monie. Symboliquement, les proches sont d\u00e9sormais les gardiens de la m\u00e9moire.<br \/>\n. Le corian est un mat\u00e9riau tr\u00e8s esth\u00e9tique, qui allie la robustesse du marbre \u00e0 la douceur du satin. Il r\u00e9siste \u00e0 l\u2019usure aux chocs, impacts, U.V&#8230;<br \/>\n. Capacit\u00e9 3.6 L, dimensions L130*L205*H295mm<\/p>\n<p>Argosforever vous propose une livraison gratuite \u00e0 domicile, ou tout autre lieu \u00e0 votre convenance, en France.<br \/>\nTous nos produits sont livr\u00e9s par un transporteur sp\u00e9cialis\u00e9. Que ce soit pour nos reliquaires, nos urnes, ou autres accessoires, nous les emballons avec soin dans des cartons renforc\u00e9s.<\/p>\n","protected":false},"excerpt":{"rendered":"<p>Cette urne fun\u00e9raire, con\u00e7ue en Corian, est destin\u00e9e \u00e0 accueillir les cendres fun\u00e9raires d&rsquo;un proche \u00e0 la suite d\u2019une cr\u00e9mation. L\u2019urne fun\u00e9raire Gloria de couleur blanche est accompagn\u00e9e d\u2019un fermoir en m\u00e9tal et d\u2019un m\u00e9daillon dor\u00e9 \u00e0 l\u2019or fin ou argent, symbole du lien \u00e9ternel avec le disparu. Ce m\u00e9daillon pourra \u00eatre d\u00e9pos\u00e9 sur le fermoir dans une loge pr\u00e9vue \u00e0 cet effet ou conserv\u00e9 comme objet de m\u00e9moire.<\/p>\n<p><strong>ACHETER L\u2019URNE ET LE MEDAILLON:<\/strong><\/p>\n","protected":false},"featured_media":1716,"comment_status":"closed","ping_status":"closed","template":"","meta":[],"product_cat":[232],"product_tag":[],"yoast_head":"<!-- This site is optimized with the Yoast SEO plugin v17.0 - https:\/\/yoast.com\/wordpress\/plugins\/seo\/ -->\n<title>Urne fun\u00e9raire Corian Gloria 2 Blanc<\/title>\n<meta name=\"description\" content=\"Une urne fun\u00e9raire au design \u00e9l\u00e9gant, apaisant et intemporel, pour celles et ceux qui ont perdu un \u00eatre cher. Un bel hommage \u00e0 la personne disparue.\" \/>\n<meta name=\"robots\" content=\"index, follow, max-snippet:-1, max-image-preview:large, max-video-preview:-1\" \/>\n<link rel=\"canonical\" href=\"https:\/\/argosforever.com\/fr\/product\/urne-funeraire-gloria-2-blanc\/\" \/>\n<meta property=\"og:locale\" content=\"fr_FR\" \/>\n<meta property=\"og:type\" content=\"article\" \/>\n<meta property=\"og:title\" content=\"Urne fun\u00e9raire Corian Gloria 2 Blanc\" \/>\n<meta property=\"og:description\" content=\"Une urne fun\u00e9raire au design \u00e9l\u00e9gant, apaisant et intemporel, pour celles et ceux qui ont perdu un \u00eatre cher. Un bel hommage \u00e0 la personne disparue.\" \/>\n<meta property=\"og:url\" content=\"https:\/\/argosforever.com\/fr\/product\/urne-funeraire-gloria-2-blanc\/\" \/>\n<meta property=\"og:site_name\" content=\"Argosforever\" \/>\n<meta property=\"article:modified_time\" content=\"2020-10-21T16:40:12+00:00\" \/>\n<meta property=\"og:image\" content=\"https:\/\/argosforever.com\/wp-content\/uploads\/2020\/09\/gloria-blanc-2-M00021.jpg\" \/>\n\t<meta property=\"og:image:width\" content=\"1000\" \/>\n\t<meta property=\"og:image:height\" content=\"1000\" \/>\n<meta name=\"twitter:card\" content=\"summary_large_image\" \/>\n<meta name=\"twitter:label1\" content=\"Dur\u00e9e de lecture est.\" \/>\n\t<meta name=\"twitter:data1\" content=\"1 minute\" \/>\n<script type=\"application\/ld+json\" class=\"yoast-schema-graph\">{\"@context\":\"https:\/\/schema.org\",\"@graph\":[{\"@type\":\"WebSite\",\"@id\":\"https:\/\/argosforever.com\/en\/#website\",\"url\":\"https:\/\/argosforever.com\/en\/\",\"name\":\"Argosforever\",\"description\":\"Urnes fun\\u00e9raires\",\"potentialAction\":[{\"@type\":\"SearchAction\",\"target\":{\"@type\":\"EntryPoint\",\"urlTemplate\":\"https:\/\/argosforever.com\/en\/?s={search_term_string}\"},\"query-input\":\"required name=search_term_string\"}],\"inLanguage\":\"fr-FR\"},{\"@type\":\"ImageObject\",\"@id\":\"https:\/\/argosforever.com\/fr\/product\/urne-funeraire-gloria-2-blanc\/#primaryimage\",\"inLanguage\":\"fr-FR\",\"url\":\"https:\/\/argosforever.com\/wp-content\/uploads\/2020\/09\/gloria-blanc-2-M00021.jpg\",\"contentUrl\":\"https:\/\/argosforever.com\/wp-content\/uploads\/2020\/09\/gloria-blanc-2-M00021.jpg\",\"width\":1000,\"height\":1000,\"caption\":\"Funeral urn for ashes - White Gloria 2\"},{\"@type\":\"WebPage\",\"@id\":\"https:\/\/argosforever.com\/fr\/product\/urne-funeraire-gloria-2-blanc\/#webpage\",\"url\":\"https:\/\/argosforever.com\/fr\/product\/urne-funeraire-gloria-2-blanc\/\",\"name\":\"Urne fun\\u00e9raire Corian Gloria 2 Blanc\",\"isPartOf\":{\"@id\":\"https:\/\/argosforever.com\/en\/#website\"},\"primaryImageOfPage\":{\"@id\":\"https:\/\/argosforever.com\/fr\/product\/urne-funeraire-gloria-2-blanc\/#primaryimage\"},\"datePublished\":\"2020-07-16T17:27:20+00:00\",\"dateModified\":\"2020-10-21T16:40:12+00:00\",\"description\":\"Une urne fun\\u00e9raire au design \\u00e9l\\u00e9gant, apaisant et intemporel, pour celles et ceux qui ont perdu un \\u00eatre cher. Un bel hommage \\u00e0 la personne disparue.\",\"breadcrumb\":{\"@id\":\"https:\/\/argosforever.com\/fr\/product\/urne-funeraire-gloria-2-blanc\/#breadcrumb\"},\"inLanguage\":\"fr-FR\",\"potentialAction\":[{\"@type\":\"ReadAction\",\"target\":[\"https:\/\/argosforever.com\/fr\/product\/urne-funeraire-gloria-2-blanc\/\"]}]},{\"@type\":\"BreadcrumbList\",\"@id\":\"https:\/\/argosforever.com\/fr\/product\/urne-funeraire-gloria-2-blanc\/#breadcrumb\",\"itemListElement\":[{\"@type\":\"ListItem\",\"position\":1,\"name\":\"Shop\",\"item\":\"https:\/\/argosforever.com\/fr\/shop\/\"},{\"@type\":\"ListItem\",\"position\":2,\"name\":\"Urne fun\\u00e9raire Corian Gloria 2 Blanc\"}]}]}<\/script>\n<!-- \/ Yoast SEO plugin. -->","yoast_head_json":{"title":"Urne fun\u00e9raire Corian Gloria 2 Blanc","description":"Une urne fun\u00e9raire au design \u00e9l\u00e9gant, apaisant et intemporel, pour celles et ceux qui ont perdu un \u00eatre cher. Un bel hommage \u00e0 la personne disparue.","robots":{"index":"index","follow":"follow","max-snippet":"max-snippet:-1","max-image-preview":"max-image-preview:large","max-video-preview":"max-video-preview:-1"},"canonical":"https:\/\/argosforever.com\/fr\/product\/urne-funeraire-gloria-2-blanc\/","og_locale":"fr_FR","og_type":"article","og_title":"Urne fun\u00e9raire Corian Gloria 2 Blanc","og_description":"Une urne fun\u00e9raire au design \u00e9l\u00e9gant, apaisant et intemporel, pour celles et ceux qui ont perdu un \u00eatre cher. Un bel hommage \u00e0 la personne disparue.","og_url":"https:\/\/argosforever.com\/fr\/product\/urne-funeraire-gloria-2-blanc\/","og_site_name":"Argosforever","article_modified_time":"2020-10-21T16:40:12+00:00","og_image":[{"width":1000,"height":1000,"url":"https:\/\/argosforever.com\/wp-content\/uploads\/2020\/09\/gloria-blanc-2-M00021.jpg","path":"\/home\/openvallu\/www\/wp-content\/uploads\/2020\/09\/gloria-blanc-2-M00021.jpg","size":"full","id":1716,"alt":"","pixels":1000000,"type":"image\/jpeg"}],"twitter_card":"summary_large_image","twitter_misc":{"Dur\u00e9e de lecture est.":"1 minute"},"schema":{"@context":"https:\/\/schema.org","@graph":[{"@type":"WebSite","@id":"https:\/\/argosforever.com\/en\/#website","url":"https:\/\/argosforever.com\/en\/","name":"Argosforever","description":"Urnes fun\u00e9raires","potentialAction":[{"@type":"SearchAction","target":{"@type":"EntryPoint","urlTemplate":"https:\/\/argosforever.com\/en\/?s={search_term_string}"},"query-input":"required name=search_term_string"}],"inLanguage":"fr-FR"},{"@type":"ImageObject","@id":"https:\/\/argosforever.com\/fr\/product\/urne-funeraire-gloria-2-blanc\/#primaryimage","inLanguage":"fr-FR","url":"https:\/\/argosforever.com\/wp-content\/uploads\/2020\/09\/gloria-blanc-2-M00021.jpg","contentUrl":"https:\/\/argosforever.com\/wp-content\/uploads\/2020\/09\/gloria-blanc-2-M00021.jpg","width":1000,"height":1000,"caption":"Funeral urn for ashes - White Gloria 2"},{"@type":"WebPage","@id":"https:\/\/argosforever.com\/fr\/product\/urne-funeraire-gloria-2-blanc\/#webpage","url":"https:\/\/argosforever.com\/fr\/product\/urne-funeraire-gloria-2-blanc\/","name":"Urne fun\u00e9raire Corian Gloria 2 Blanc","isPartOf":{"@id":"https:\/\/argosforever.com\/en\/#website"},"primaryImageOfPage":{"@id":"https:\/\/argosforever.com\/fr\/product\/urne-funeraire-gloria-2-blanc\/#primaryimage"},"datePublished":"2020-07-16T17:27:20+00:00","dateModified":"2020-10-21T16:40:12+00:00","description":"Une urne fun\u00e9raire au design \u00e9l\u00e9gant, apaisant et intemporel, pour celles et ceux qui ont perdu un \u00eatre cher. Un bel hommage \u00e0 la personne disparue.","breadcrumb":{"@id":"https:\/\/argosforever.com\/fr\/product\/urne-funeraire-gloria-2-blanc\/#breadcrumb"},"inLanguage":"fr-FR","potentialAction":[{"@type":"ReadAction","target":["https:\/\/argosforever.com\/fr\/product\/urne-funeraire-gloria-2-blanc\/"]}]},{"@type":"BreadcrumbList","@id":"https:\/\/argosforever.com\/fr\/product\/urne-funeraire-gloria-2-blanc\/#breadcrumb","itemListElement":[{"@type":"ListItem","position":1,"name":"Shop","item":"https:\/\/argosforever.com\/fr\/shop\/"},{"@type":"ListItem","position":2,"name":"Urne fun\u00e9raire Corian Gloria 2 Blanc"}]}]}},"_links":{"self":[{"href":"https:\/\/argosforever.com\/fr\/wp-json\/wp\/v2\/product\/1176"}],"collection":[{"href":"https:\/\/argosforever.com\/fr\/wp-json\/wp\/v2\/product"}],"about":[{"href":"https:\/\/argosforever.com\/fr\/wp-json\/wp\/v2\/types\/product"}],"replies":[{"embeddable":true,"href":"https:\/\/argosforever.com\/fr\/wp-json\/wp\/v2\/comments?post=1176"}],"wp:featuredmedia":[{"embeddable":true,"href":"https:\/\/argosforever.com\/fr\/wp-json\/wp\/v2\/media\/1716"}],"wp:attachment":[{"href":"https:\/\/argosforever.com\/fr\/wp-json\/wp\/v2\/media?parent=1176"}],"wp:term":[{"taxonomy":"product_cat","embeddable":true,"href":"https:\/\/argosforever.com\/fr\/wp-json\/wp\/v2\/product_cat?post=1176"},{"taxonomy":"product_tag","embeddable":true,"href":"https:\/\/argosforever.com\/fr\/wp-json\/wp\/v2\/product_tag?post=1176"}],"curies":[{"name":"wp","href":"https:\/\/api.w.org\/{rel}","templated":true}]}}