{"id":2662,"date":"2020-10-04T16:46:30","date_gmt":"2020-07-16T17:27:29","guid":{"rendered":"https:\/\/argosforever.com\/product\/urne-argos-bleu-de-sevres-porcelaine-de-limoges-2\/"},"modified":"2021-08-25T19:53:24","modified_gmt":"2021-08-25T19:53:24","slug":"urne-argos-bleu-de-sevres-porcelaine-de-limoges-2","status":"publish","type":"product","link":"https:\/\/argosforever.com\/fr\/product\/urne-argos-bleu-de-sevres-porcelaine-de-limoges-2\/","title":{"rendered":"Urne fun\u00e9raire animal de compagnie Argos bleu de S\u00e8vres en porcelaine de Limoges"},"content":{"rendered":"<p>Argos, le chien d\u2019Ulysse, f\u00fbt le seul \u00e0 reconnaitre son maitre, d\u00e9guis\u00e9 en mendiant, de retour apr\u00e8s 20 ann\u00e9es de guerre et d\u2019errance. Sous le coup de l\u2019\u00e9motion, il rendit alors son dernier soupir.<br \/>\nCe mythe illustre la fid\u00e9lit\u00e9, la sensibilit\u00e9, l\u2019amour inconditionnel que les animaux de compagnie portent \u00e0 leurs maitres.<br \/>\nLors d\u2019une cr\u00e9mation individuelle d\u2019un animal de compagnie, les cendres seront recueillies dans une urne qui deviendra sa derni\u00e8re demeure.<br \/>\nEn cr\u00e9ant des objets esth\u00e9tiques et personnalis\u00e9s, Argosforever a souhait\u00e9 accompagner ce moment douloureux, rendre hommage et entretenir le souvenir de ces compagnons irrempla\u00e7ables. Les urnes sont une fa\u00e7on particuli\u00e8re de d\u00e9montrer votre amour pour un animal de compagnie qui vous \u00e9tait cher, et de lui rendre hommage.<\/p>\n<p>. Nos urnes fun\u00e9raires pour animaux de compagnie sont fabriqu\u00e9es de mani\u00e8re experte.<br \/>\n. Urne aux formes \u00e9pur\u00e9es en porcelaine de Limoges, r\u00e9alis\u00e9e et peaufin\u00e9e \u00e0 la main par un artisan talentueux, en France. Nos produits font l\u2019objet de toutes les attentions et du m\u00eame amour.<br \/>\n. Porcelaine de Limoges<br \/>\n. 3 tailles:<br \/>\nL230*L230*H95mm &#8211; 2.4 L<br \/>\nL170*L170*H90mm &#8211; 1.2 L<br \/>\nL140*L140*H80mm &#8211; 0.6 L<br \/>\n. Transport gratuit<br \/>\nHonorez votre compagnon \u00e0 quatre pattes qui vous a donn\u00e9 tant de joie et d&rsquo;amiti\u00e9, avec l&rsquo;urne Argos Bleu de S\u00e8vres.<\/p>\n","protected":false},"excerpt":{"rendered":"<p>L&rsquo;incin\u00e9ration de chiens et des chats est aujourd&rsquo;hui une possibilit\u00e9 pour les personnes qui veulent rendre un dernier hommage \u00e0 leur animal de compagnie. Mais conserver les cendres de votre compagnon peut \u00eatre aussi un r\u00e9confort, et l&rsquo;urne Agos bleu de S\u00e8vres est une bonne mani\u00e8re de rendre hommage \u00e0 votre comagnon.<br \/>\nDisponible avec un m\u00e9daillon au choix.<\/p>\n<p><a href=\"https:\/\/argosforever.com\/fr\/quelle-taille-d-urne-animal-de-compagnie\/\">Quelle taille d&rsquo;urne choisir?<\/a><\/p>\n","protected":false},"featured_media":2774,"comment_status":"closed","ping_status":"closed","template":"","meta":[],"product_cat":[140,203],"product_tag":[],"yoast_head":"<!-- This site is optimized with the Yoast SEO plugin v17.0 - https:\/\/yoast.com\/wordpress\/plugins\/seo\/ -->\n<title>Urne fun\u00e9raire animal de compagnie Argos bleu de S\u00e8vres en porcelaine de Limoges<\/title>\n<meta name=\"description\" content=\"Rendez un dernier hommage \u00e0 votre animal de compagnie qui vous \u00e9tait si cher avec cette urne en porcelaine fabriqu\u00e9e artisanalement. Transport gratuit.\" \/>\n<meta name=\"robots\" content=\"index, follow, max-snippet:-1, max-image-preview:large, max-video-preview:-1\" \/>\n<link rel=\"canonical\" href=\"https:\/\/argosforever.com\/fr\/product\/urne-argos-bleu-de-sevres-porcelaine-de-limoges-2\/\" \/>\n<meta property=\"og:locale\" content=\"fr_FR\" \/>\n<meta property=\"og:type\" content=\"article\" \/>\n<meta property=\"og:title\" content=\"Urne fun\u00e9raire animal de compagnie Argos bleu de S\u00e8vres en porcelaine de Limoges\" \/>\n<meta property=\"og:description\" content=\"Rendez un dernier hommage \u00e0 votre animal de compagnie qui vous \u00e9tait si cher avec cette urne en porcelaine fabriqu\u00e9e artisanalement. Transport gratuit.\" \/>\n<meta property=\"og:url\" content=\"https:\/\/argosforever.com\/fr\/product\/urne-argos-bleu-de-sevres-porcelaine-de-limoges-2\/\" \/>\n<meta property=\"og:site_name\" content=\"Argosforever\" \/>\n<meta property=\"article:modified_time\" content=\"2021-08-25T19:53:24+00:00\" \/>\n<meta property=\"og:image\" content=\"https:\/\/argosforever.com\/wp-content\/uploads\/2020\/09\/argos7.jpg\" \/>\n\t<meta property=\"og:image:width\" content=\"1000\" \/>\n\t<meta property=\"og:image:height\" content=\"1000\" \/>\n<meta name=\"twitter:card\" content=\"summary_large_image\" \/>\n<meta name=\"twitter:label1\" content=\"Dur\u00e9e de lecture est.\" \/>\n\t<meta name=\"twitter:data1\" content=\"1 minute\" \/>\n<script type=\"application\/ld+json\" class=\"yoast-schema-graph\">{\"@context\":\"https:\/\/schema.org\",\"@graph\":[{\"@type\":\"WebSite\",\"@id\":\"https:\/\/argosforever.com\/en\/#website\",\"url\":\"https:\/\/argosforever.com\/en\/\",\"name\":\"Argosforever\",\"description\":\"Urnes fun\\u00e9raires\",\"potentialAction\":[{\"@type\":\"SearchAction\",\"target\":{\"@type\":\"EntryPoint\",\"urlTemplate\":\"https:\/\/argosforever.com\/en\/?s={search_term_string}\"},\"query-input\":\"required name=search_term_string\"}],\"inLanguage\":\"fr-FR\"},{\"@type\":\"ImageObject\",\"@id\":\"https:\/\/argosforever.com\/fr\/product\/urne-argos-bleu-de-sevres-porcelaine-de-limoges-2\/#primaryimage\",\"inLanguage\":\"fr-FR\",\"url\":\"https:\/\/argosforever.com\/wp-content\/uploads\/2020\/09\/argos7.jpg\",\"contentUrl\":\"https:\/\/argosforever.com\/wp-content\/uploads\/2020\/09\/argos7.jpg\",\"width\":1000,\"height\":1000,\"caption\":\"urne cr\\u00e9mation animal\"},{\"@type\":\"WebPage\",\"@id\":\"https:\/\/argosforever.com\/fr\/product\/urne-argos-bleu-de-sevres-porcelaine-de-limoges-2\/#webpage\",\"url\":\"https:\/\/argosforever.com\/fr\/product\/urne-argos-bleu-de-sevres-porcelaine-de-limoges-2\/\",\"name\":\"Urne fun\\u00e9raire animal de compagnie Argos bleu de S\\u00e8vres en porcelaine de Limoges\",\"isPartOf\":{\"@id\":\"https:\/\/argosforever.com\/en\/#website\"},\"primaryImageOfPage\":{\"@id\":\"https:\/\/argosforever.com\/fr\/product\/urne-argos-bleu-de-sevres-porcelaine-de-limoges-2\/#primaryimage\"},\"datePublished\":\"2020-07-16T17:27:29+00:00\",\"dateModified\":\"2021-08-25T19:53:24+00:00\",\"description\":\"Rendez un dernier hommage \\u00e0 votre animal de compagnie qui vous \\u00e9tait si cher avec cette urne en porcelaine fabriqu\\u00e9e artisanalement. Transport gratuit.\",\"breadcrumb\":{\"@id\":\"https:\/\/argosforever.com\/fr\/product\/urne-argos-bleu-de-sevres-porcelaine-de-limoges-2\/#breadcrumb\"},\"inLanguage\":\"fr-FR\",\"potentialAction\":[{\"@type\":\"ReadAction\",\"target\":[\"https:\/\/argosforever.com\/fr\/product\/urne-argos-bleu-de-sevres-porcelaine-de-limoges-2\/\"]}]},{\"@type\":\"BreadcrumbList\",\"@id\":\"https:\/\/argosforever.com\/fr\/product\/urne-argos-bleu-de-sevres-porcelaine-de-limoges-2\/#breadcrumb\",\"itemListElement\":[{\"@type\":\"ListItem\",\"position\":1,\"name\":\"Shop\",\"item\":\"https:\/\/argosforever.com\/fr\/shop\/\"},{\"@type\":\"ListItem\",\"position\":2,\"name\":\"Urne fun\\u00e9raire animal de compagnie Argos bleu de S\\u00e8vres en porcelaine de Limoges\"}]}]}<\/script>\n<!-- \/ Yoast SEO plugin. -->","yoast_head_json":{"title":"Urne fun\u00e9raire animal de compagnie Argos bleu de S\u00e8vres en porcelaine de Limoges","description":"Rendez un dernier hommage \u00e0 votre animal de compagnie qui vous \u00e9tait si cher avec cette urne en porcelaine fabriqu\u00e9e artisanalement. Transport gratuit.","robots":{"index":"index","follow":"follow","max-snippet":"max-snippet:-1","max-image-preview":"max-image-preview:large","max-video-preview":"max-video-preview:-1"},"canonical":"https:\/\/argosforever.com\/fr\/product\/urne-argos-bleu-de-sevres-porcelaine-de-limoges-2\/","og_locale":"fr_FR","og_type":"article","og_title":"Urne fun\u00e9raire animal de compagnie Argos bleu de S\u00e8vres en porcelaine de Limoges","og_description":"Rendez un dernier hommage \u00e0 votre animal de compagnie qui vous \u00e9tait si cher avec cette urne en porcelaine fabriqu\u00e9e artisanalement. Transport gratuit.","og_url":"https:\/\/argosforever.com\/fr\/product\/urne-argos-bleu-de-sevres-porcelaine-de-limoges-2\/","og_site_name":"Argosforever","article_modified_time":"2021-08-25T19:53:24+00:00","og_image":[{"width":1000,"height":1000,"url":"https:\/\/argosforever.com\/wp-content\/uploads\/2020\/09\/argos7.jpg","path":"\/home\/meminis\/www\/argos\/wp-content\/uploads\/2020\/09\/argos7.jpg","size":"full","id":2774,"alt":"urne cr\u00e9mation animal ","pixels":1000000,"type":"image\/jpeg"}],"twitter_card":"summary_large_image","twitter_misc":{"Dur\u00e9e de lecture est.":"1 minute"},"schema":{"@context":"https:\/\/schema.org","@graph":[{"@type":"WebSite","@id":"https:\/\/argosforever.com\/en\/#website","url":"https:\/\/argosforever.com\/en\/","name":"Argosforever","description":"Urnes fun\u00e9raires","potentialAction":[{"@type":"SearchAction","target":{"@type":"EntryPoint","urlTemplate":"https:\/\/argosforever.com\/en\/?s={search_term_string}"},"query-input":"required name=search_term_string"}],"inLanguage":"fr-FR"},{"@type":"ImageObject","@id":"https:\/\/argosforever.com\/fr\/product\/urne-argos-bleu-de-sevres-porcelaine-de-limoges-2\/#primaryimage","inLanguage":"fr-FR","url":"https:\/\/argosforever.com\/wp-content\/uploads\/2020\/09\/argos7.jpg","contentUrl":"https:\/\/argosforever.com\/wp-content\/uploads\/2020\/09\/argos7.jpg","width":1000,"height":1000,"caption":"urne cr\u00e9mation animal"},{"@type":"WebPage","@id":"https:\/\/argosforever.com\/fr\/product\/urne-argos-bleu-de-sevres-porcelaine-de-limoges-2\/#webpage","url":"https:\/\/argosforever.com\/fr\/product\/urne-argos-bleu-de-sevres-porcelaine-de-limoges-2\/","name":"Urne fun\u00e9raire animal de compagnie Argos bleu de S\u00e8vres en porcelaine de Limoges","isPartOf":{"@id":"https:\/\/argosforever.com\/en\/#website"},"primaryImageOfPage":{"@id":"https:\/\/argosforever.com\/fr\/product\/urne-argos-bleu-de-sevres-porcelaine-de-limoges-2\/#primaryimage"},"datePublished":"2020-07-16T17:27:29+00:00","dateModified":"2021-08-25T19:53:24+00:00","description":"Rendez un dernier hommage \u00e0 votre animal de compagnie qui vous \u00e9tait si cher avec cette urne en porcelaine fabriqu\u00e9e artisanalement. Transport gratuit.","breadcrumb":{"@id":"https:\/\/argosforever.com\/fr\/product\/urne-argos-bleu-de-sevres-porcelaine-de-limoges-2\/#breadcrumb"},"inLanguage":"fr-FR","potentialAction":[{"@type":"ReadAction","target":["https:\/\/argosforever.com\/fr\/product\/urne-argos-bleu-de-sevres-porcelaine-de-limoges-2\/"]}]},{"@type":"BreadcrumbList","@id":"https:\/\/argosforever.com\/fr\/product\/urne-argos-bleu-de-sevres-porcelaine-de-limoges-2\/#breadcrumb","itemListElement":[{"@type":"ListItem","position":1,"name":"Shop","item":"https:\/\/argosforever.com\/fr\/shop\/"},{"@type":"ListItem","position":2,"name":"Urne fun\u00e9raire animal de compagnie Argos bleu de S\u00e8vres en porcelaine de Limoges"}]}]}},"_links":{"self":[{"href":"https:\/\/argosforever.com\/fr\/wp-json\/wp\/v2\/product\/2662"}],"collection":[{"href":"https:\/\/argosforever.com\/fr\/wp-json\/wp\/v2\/product"}],"about":[{"href":"https:\/\/argosforever.com\/fr\/wp-json\/wp\/v2\/types\/product"}],"replies":[{"embeddable":true,"href":"https:\/\/argosforever.com\/fr\/wp-json\/wp\/v2\/comments?post=2662"}],"wp:featuredmedia":[{"embeddable":true,"href":"https:\/\/argosforever.com\/fr\/wp-json\/wp\/v2\/media\/2774"}],"wp:attachment":[{"href":"https:\/\/argosforever.com\/fr\/wp-json\/wp\/v2\/media?parent=2662"}],"wp:term":[{"taxonomy":"product_cat","embeddable":true,"href":"https:\/\/argosforever.com\/fr\/wp-json\/wp\/v2\/product_cat?post=2662"},{"taxonomy":"product_tag","embeddable":true,"href":"https:\/\/argosforever.com\/fr\/wp-json\/wp\/v2\/product_tag?post=2662"}],"curies":[{"name":"wp","href":"https:\/\/api.w.org\/{rel}","templated":true}]}}