{"id":3000,"date":"2020-10-04T16:46:39","date_gmt":"2020-09-23T06:19:05","guid":{"rendered":"https:\/\/argosforever.com\/?post_type=product&#038;p=3000"},"modified":"2021-08-25T19:54:45","modified_gmt":"2021-08-25T19:54:45","slug":"urne-funeraire-animal-de-compagnie-en-verre-souffle-couleur-bleue","status":"publish","type":"product","link":"https:\/\/argosforever.com\/fr\/product\/urne-funeraire-animal-de-compagnie-en-verre-souffle-couleur-bleue\/","title":{"rendered":"Urne fun\u00e9raire animal de compagnie en verre souffl\u00e9 couleur bleue"},"content":{"rendered":"<p>Les animaux de compagnie, ces fid\u00e8les compagnons \u00e0 quatre pattes, nous accompagnent tout au long de la vie. Ce sont des membres de notre famille qui nous donnent un amour inconditionnel, et nous les aimons en retour. Perdre un animal de compagnie est un moment difficile, et les urnes fun\u00e9raires pour animaux de compagnie sont un moyen pour nous de les garder dans notre c\u0153ur, de d\u00e9montrer notre amour pour un animal de compagnie qui \u00e9tait cher, et de lui rendre hommage.<\/p>\n<p>. Nos urnes fun\u00e9raires pour animaux de compagnie sont fabriqu\u00e9es de mani\u00e8re experte.<br \/>\n. Urne aux formes \u00e9pur\u00e9es en verre souffl\u00e9s, r\u00e9alis\u00e9e et peaufin\u00e9e \u00e0 la main par un artisan talentueux, en France. Nos produits font l\u2019objet de toutes les attentions et du m\u00eame amour.<br \/>\n3 dimensions disponibles:<br \/>\n. L140*L40*H95mm &#8211; 0,75 L<br \/>\n. L105*L105*H60mm &#8211; 0,35 L<br \/>\n. L230*L230*H95mm &#8211; 1,5 L<\/p>\n<p>. Urne en verre souffl\u00e9<\/p>\n","protected":false},"excerpt":{"rendered":"<p>Dire au revoir \u00e0 notre animal de compagnie est un processus difficile et douloureux. Cependant, toute personne qui a un chien ou un chat doit savoir que la disparition de son animal est in\u00e9luctable.<\/p>\n<p><a href=\"https:\/\/argosforever.com\/fr\/quelle-taille-d-urne-animal-de-compagnie\/\">Quelle taille d&rsquo;urne choisir?<\/a><\/p>\n","protected":false},"featured_media":2848,"comment_status":"closed","ping_status":"closed","template":"","meta":[],"product_cat":[140,211],"product_tag":[],"yoast_head":"<!-- This site is optimized with the Yoast SEO plugin v17.0 - https:\/\/yoast.com\/wordpress\/plugins\/seo\/ -->\n<title>Urne cendres chien - chat - verre souffl\u00e9 artisanal bleu - vente en ligne<\/title>\n<meta name=\"description\" content=\"Un dernier hommage \u00e0 votre animal de compagnie qui vous \u00e9tait si cher avec cette urne en verre souffl\u00e9e fabriqu\u00e9e artisanalement.\" \/>\n<meta name=\"robots\" content=\"index, follow, max-snippet:-1, max-image-preview:large, max-video-preview:-1\" \/>\n<link rel=\"canonical\" href=\"https:\/\/argosforever.com\/fr\/product\/urne-funeraire-animal-de-compagnie-en-verre-souffle-couleur-bleue\/\" \/>\n<meta property=\"og:locale\" content=\"fr_FR\" \/>\n<meta property=\"og:type\" content=\"article\" \/>\n<meta property=\"og:title\" content=\"Urne cendres chien - chat - verre souffl\u00e9 artisanal bleu - vente en ligne\" \/>\n<meta property=\"og:description\" content=\"Un dernier hommage \u00e0 votre animal de compagnie qui vous \u00e9tait si cher avec cette urne en verre souffl\u00e9e fabriqu\u00e9e artisanalement.\" \/>\n<meta property=\"og:url\" content=\"https:\/\/argosforever.com\/fr\/product\/urne-funeraire-animal-de-compagnie-en-verre-souffle-couleur-bleue\/\" \/>\n<meta property=\"og:site_name\" content=\"Argosforever\" \/>\n<meta property=\"article:modified_time\" content=\"2021-08-25T19:54:45+00:00\" \/>\n<meta property=\"og:image\" content=\"https:\/\/argosforever.com\/wp-content\/uploads\/2020\/09\/4-Verre-soufll\u00e9-Bleu.jpg\" \/>\n\t<meta property=\"og:image:width\" content=\"1000\" \/>\n\t<meta property=\"og:image:height\" content=\"1000\" \/>\n<meta name=\"twitter:card\" content=\"summary_large_image\" \/>\n<meta name=\"twitter:label1\" content=\"Dur\u00e9e de lecture est.\" \/>\n\t<meta name=\"twitter:data1\" content=\"1 minute\" \/>\n<script type=\"application\/ld+json\" class=\"yoast-schema-graph\">{\"@context\":\"https:\/\/schema.org\",\"@graph\":[{\"@type\":\"WebSite\",\"@id\":\"https:\/\/argosforever.com\/en\/#website\",\"url\":\"https:\/\/argosforever.com\/en\/\",\"name\":\"Argosforever\",\"description\":\"Urnes fun\\u00e9raires\",\"potentialAction\":[{\"@type\":\"SearchAction\",\"target\":{\"@type\":\"EntryPoint\",\"urlTemplate\":\"https:\/\/argosforever.com\/en\/?s={search_term_string}\"},\"query-input\":\"required name=search_term_string\"}],\"inLanguage\":\"fr-FR\"},{\"@type\":\"ImageObject\",\"@id\":\"https:\/\/argosforever.com\/fr\/product\/urne-funeraire-animal-de-compagnie-en-verre-souffle-couleur-bleue\/#primaryimage\",\"inLanguage\":\"fr-FR\",\"url\":\"https:\/\/argosforever.com\/wp-content\/uploads\/2020\/09\/4-Verre-soufll\\u00e9-Bleu.jpg\",\"contentUrl\":\"https:\/\/argosforever.com\/wp-content\/uploads\/2020\/09\/4-Verre-soufll\\u00e9-Bleu.jpg\",\"width\":1000,\"height\":1000,\"caption\":\"urne funeraire verre souffl\\u00e9\"},{\"@type\":\"WebPage\",\"@id\":\"https:\/\/argosforever.com\/fr\/product\/urne-funeraire-animal-de-compagnie-en-verre-souffle-couleur-bleue\/#webpage\",\"url\":\"https:\/\/argosforever.com\/fr\/product\/urne-funeraire-animal-de-compagnie-en-verre-souffle-couleur-bleue\/\",\"name\":\"Urne cendres chien - chat - verre souffl\\u00e9 artisanal bleu - vente en ligne\",\"isPartOf\":{\"@id\":\"https:\/\/argosforever.com\/en\/#website\"},\"primaryImageOfPage\":{\"@id\":\"https:\/\/argosforever.com\/fr\/product\/urne-funeraire-animal-de-compagnie-en-verre-souffle-couleur-bleue\/#primaryimage\"},\"datePublished\":\"2020-09-23T06:19:05+00:00\",\"dateModified\":\"2021-08-25T19:54:45+00:00\",\"description\":\"Un dernier hommage \\u00e0 votre animal de compagnie qui vous \\u00e9tait si cher avec cette urne en verre souffl\\u00e9e fabriqu\\u00e9e artisanalement.\",\"breadcrumb\":{\"@id\":\"https:\/\/argosforever.com\/fr\/product\/urne-funeraire-animal-de-compagnie-en-verre-souffle-couleur-bleue\/#breadcrumb\"},\"inLanguage\":\"fr-FR\",\"potentialAction\":[{\"@type\":\"ReadAction\",\"target\":[\"https:\/\/argosforever.com\/fr\/product\/urne-funeraire-animal-de-compagnie-en-verre-souffle-couleur-bleue\/\"]}]},{\"@type\":\"BreadcrumbList\",\"@id\":\"https:\/\/argosforever.com\/fr\/product\/urne-funeraire-animal-de-compagnie-en-verre-souffle-couleur-bleue\/#breadcrumb\",\"itemListElement\":[{\"@type\":\"ListItem\",\"position\":1,\"name\":\"Shop\",\"item\":\"https:\/\/argosforever.com\/fr\/shop\/\"},{\"@type\":\"ListItem\",\"position\":2,\"name\":\"Urne fun\\u00e9raire animal de compagnie en verre souffl\\u00e9 couleur bleue\"}]}]}<\/script>\n<!-- \/ Yoast SEO plugin. -->","yoast_head_json":{"title":"Urne cendres chien - chat - verre souffl\u00e9 artisanal bleu - vente en ligne","description":"Un dernier hommage \u00e0 votre animal de compagnie qui vous \u00e9tait si cher avec cette urne en verre souffl\u00e9e fabriqu\u00e9e artisanalement.","robots":{"index":"index","follow":"follow","max-snippet":"max-snippet:-1","max-image-preview":"max-image-preview:large","max-video-preview":"max-video-preview:-1"},"canonical":"https:\/\/argosforever.com\/fr\/product\/urne-funeraire-animal-de-compagnie-en-verre-souffle-couleur-bleue\/","og_locale":"fr_FR","og_type":"article","og_title":"Urne cendres chien - chat - verre souffl\u00e9 artisanal bleu - vente en ligne","og_description":"Un dernier hommage \u00e0 votre animal de compagnie qui vous \u00e9tait si cher avec cette urne en verre souffl\u00e9e fabriqu\u00e9e artisanalement.","og_url":"https:\/\/argosforever.com\/fr\/product\/urne-funeraire-animal-de-compagnie-en-verre-souffle-couleur-bleue\/","og_site_name":"Argosforever","article_modified_time":"2021-08-25T19:54:45+00:00","og_image":[{"width":1000,"height":1000,"url":"https:\/\/argosforever.com\/wp-content\/uploads\/2020\/09\/4-Verre-soufll\u00e9-Bleu.jpg","path":"\/home\/meminis\/www\/argos\/wp-content\/uploads\/2020\/09\/4-Verre-soufll\u00e9-Bleu.jpg","size":"full","id":2848,"alt":"urne funeraire verre souffl\u00e9","pixels":1000000,"type":"image\/jpeg"}],"twitter_card":"summary_large_image","twitter_misc":{"Dur\u00e9e de lecture est.":"1 minute"},"schema":{"@context":"https:\/\/schema.org","@graph":[{"@type":"WebSite","@id":"https:\/\/argosforever.com\/en\/#website","url":"https:\/\/argosforever.com\/en\/","name":"Argosforever","description":"Urnes fun\u00e9raires","potentialAction":[{"@type":"SearchAction","target":{"@type":"EntryPoint","urlTemplate":"https:\/\/argosforever.com\/en\/?s={search_term_string}"},"query-input":"required name=search_term_string"}],"inLanguage":"fr-FR"},{"@type":"ImageObject","@id":"https:\/\/argosforever.com\/fr\/product\/urne-funeraire-animal-de-compagnie-en-verre-souffle-couleur-bleue\/#primaryimage","inLanguage":"fr-FR","url":"https:\/\/argosforever.com\/wp-content\/uploads\/2020\/09\/4-Verre-soufll\u00e9-Bleu.jpg","contentUrl":"https:\/\/argosforever.com\/wp-content\/uploads\/2020\/09\/4-Verre-soufll\u00e9-Bleu.jpg","width":1000,"height":1000,"caption":"urne funeraire verre souffl\u00e9"},{"@type":"WebPage","@id":"https:\/\/argosforever.com\/fr\/product\/urne-funeraire-animal-de-compagnie-en-verre-souffle-couleur-bleue\/#webpage","url":"https:\/\/argosforever.com\/fr\/product\/urne-funeraire-animal-de-compagnie-en-verre-souffle-couleur-bleue\/","name":"Urne cendres chien - chat - verre souffl\u00e9 artisanal bleu - vente en ligne","isPartOf":{"@id":"https:\/\/argosforever.com\/en\/#website"},"primaryImageOfPage":{"@id":"https:\/\/argosforever.com\/fr\/product\/urne-funeraire-animal-de-compagnie-en-verre-souffle-couleur-bleue\/#primaryimage"},"datePublished":"2020-09-23T06:19:05+00:00","dateModified":"2021-08-25T19:54:45+00:00","description":"Un dernier hommage \u00e0 votre animal de compagnie qui vous \u00e9tait si cher avec cette urne en verre souffl\u00e9e fabriqu\u00e9e artisanalement.","breadcrumb":{"@id":"https:\/\/argosforever.com\/fr\/product\/urne-funeraire-animal-de-compagnie-en-verre-souffle-couleur-bleue\/#breadcrumb"},"inLanguage":"fr-FR","potentialAction":[{"@type":"ReadAction","target":["https:\/\/argosforever.com\/fr\/product\/urne-funeraire-animal-de-compagnie-en-verre-souffle-couleur-bleue\/"]}]},{"@type":"BreadcrumbList","@id":"https:\/\/argosforever.com\/fr\/product\/urne-funeraire-animal-de-compagnie-en-verre-souffle-couleur-bleue\/#breadcrumb","itemListElement":[{"@type":"ListItem","position":1,"name":"Shop","item":"https:\/\/argosforever.com\/fr\/shop\/"},{"@type":"ListItem","position":2,"name":"Urne fun\u00e9raire animal de compagnie en verre souffl\u00e9 couleur bleue"}]}]}},"_links":{"self":[{"href":"https:\/\/argosforever.com\/fr\/wp-json\/wp\/v2\/product\/3000"}],"collection":[{"href":"https:\/\/argosforever.com\/fr\/wp-json\/wp\/v2\/product"}],"about":[{"href":"https:\/\/argosforever.com\/fr\/wp-json\/wp\/v2\/types\/product"}],"replies":[{"embeddable":true,"href":"https:\/\/argosforever.com\/fr\/wp-json\/wp\/v2\/comments?post=3000"}],"wp:featuredmedia":[{"embeddable":true,"href":"https:\/\/argosforever.com\/fr\/wp-json\/wp\/v2\/media\/2848"}],"wp:attachment":[{"href":"https:\/\/argosforever.com\/fr\/wp-json\/wp\/v2\/media?parent=3000"}],"wp:term":[{"taxonomy":"product_cat","embeddable":true,"href":"https:\/\/argosforever.com\/fr\/wp-json\/wp\/v2\/product_cat?post=3000"},{"taxonomy":"product_tag","embeddable":true,"href":"https:\/\/argosforever.com\/fr\/wp-json\/wp\/v2\/product_tag?post=3000"}],"curies":[{"name":"wp","href":"https:\/\/api.w.org\/{rel}","templated":true}]}}