{"id":4692,"date":"2021-09-26T15:33:16","date_gmt":"2021-09-26T15:33:16","guid":{"rendered":"https:\/\/argosforever.com\/product\/eco-friendly-pet-burial-cocoon\/"},"modified":"2021-12-07T10:09:19","modified_gmt":"2021-12-07T10:09:19","slug":"cercueil-ecologique-pour-chiens-et-chats","status":"publish","type":"product","link":"https:\/\/argosforever.com\/fr\/product\/cercueil-ecologique-pour-chiens-et-chats\/","title":{"rendered":"Cocon \u00e9cologique pour animaux de compagnie"},"content":{"rendered":"<p><strong><img loading=\"lazy\" class=\"wp-image-4674 alignleft\" src=\"https:\/\/argosforever.com\/wp-content\/uploads\/2021\/09\/new-prodpng-e1632671960901.png\" alt=\"\" width=\"422\" height=\"468\" \/><\/strong><\/p>\n<ul>\n<li>Une plante en souvenir de mon animal de compagnie : le cocon Nidoo donnera naissance \u00e0 un arbre et de jolies fleurs dans le jardin.<\/li>\n<li>Le cocon Nidoo offre un espace cr\u00e9atif aux membres de la famille. Les enfants peuvent dessiner, \u00e9crire et coller des images.<\/li>\n<li>Le cocon Nidoo est une alternative digne et naturelle \u00e0 la cr\u00e9mation.<\/li>\n<li>Les cocons Nidoo sont assembl\u00e9s par des personnes handicap\u00e9es.<\/li>\n<li>Les cocons Nidoo sont fabriqu\u00e9s \u00e0 partir de papier journal recycl\u00e9 et sont biod\u00e9gradables.<\/li>\n<\/ul>\n<p><strong>Recycl\u00e9 &#8211;\u00a0 100% biod\u00e9gradable<\/strong><\/p>\n<p>Ce cercueil pour animal de compagnie est biod\u00e9gradable en 4 \u00e0 8 mois dans le sol selon l&rsquo;environnement (temp\u00e9rature, humidit\u00e9, lumi\u00e8re, oxyg\u00e8ne, etc.) et sous l&rsquo;action de micro-organismes (bact\u00e9ries, champignons, algues). Sans aucun effet nocif sur l&rsquo;environnement.<\/p>\n","protected":false},"excerpt":{"rendered":"<p>Le cocon fun\u00e9raire NIDOO\u00ae est une belle fa\u00e7on de se souvenir de votre fid\u00e8le compagnon. Le cercueil \u00e9cologique donnera naissance dans votre jardin \u00e0 un arbre en l&rsquo;honneur de votre fid\u00e8le compagnon. NIDOO\u00ae est un moyen \u00e9cologique de rendre hommage \u00e0 leur chien, chat ou animal de compagnie bien-aim\u00e9. Le cocon fun\u00e9raire NIDOO\u00ae donnera naissance \u00e0 un arbre dans votre jardin, c\u00e9l\u00e9brant ainsi la vie et la beaut\u00e9. <strong>Plusieurs tailles sont disponibles.<\/strong><\/p>\n","protected":false},"featured_media":4662,"comment_status":"closed","ping_status":"closed","template":"","meta":[],"product_cat":[238],"product_tag":[],"yoast_head":"<!-- This site is optimized with the Yoast SEO plugin v17.0 - https:\/\/yoast.com\/wordpress\/plugins\/seo\/ -->\n<title>Cercueil \u00e9cologique pour chiens et chats<\/title>\n<meta name=\"description\" content=\"Le cocon fun\u00e9raire NIDOO\u00ae est une belle fa\u00e7on de se souvenir de votre fid\u00e8le compagnon. Le cercueil \u00e9cologique donnera naissance dans votre jardin \u00e0 un arbre en l&#039;honneur de votre fid\u00e8le compagnon.\" \/>\n<meta name=\"robots\" content=\"index, follow, max-snippet:-1, max-image-preview:large, max-video-preview:-1\" \/>\n<link rel=\"canonical\" href=\"https:\/\/argosforever.com\/fr\/product\/cercueil-ecologique-pour-chiens-et-chats\/\" \/>\n<meta property=\"og:locale\" content=\"fr_FR\" \/>\n<meta property=\"og:type\" content=\"article\" \/>\n<meta property=\"og:title\" content=\"Cercueil \u00e9cologique pour chiens et chats\" \/>\n<meta property=\"og:description\" content=\"Le cocon fun\u00e9raire NIDOO\u00ae est une belle fa\u00e7on de se souvenir de votre fid\u00e8le compagnon. Le cercueil \u00e9cologique donnera naissance dans votre jardin \u00e0 un arbre en l&#039;honneur de votre fid\u00e8le compagnon.\" \/>\n<meta property=\"og:url\" content=\"https:\/\/argosforever.com\/fr\/product\/cercueil-ecologique-pour-chiens-et-chats\/\" \/>\n<meta property=\"og:site_name\" content=\"Argosforever\" \/>\n<meta property=\"article:modified_time\" content=\"2021-12-07T10:09:19+00:00\" \/>\n<meta property=\"og:image\" content=\"https:\/\/argosforever.com\/wp-content\/uploads\/2021\/09\/COC-L20-1030x687.jpg\" \/>\n\t<meta property=\"og:image:width\" content=\"1030\" \/>\n\t<meta property=\"og:image:height\" content=\"687\" \/>\n<meta name=\"twitter:card\" content=\"summary_large_image\" \/>\n<meta name=\"twitter:label1\" content=\"Dur\u00e9e de lecture est.\" \/>\n\t<meta name=\"twitter:data1\" content=\"1 minute\" \/>\n<script type=\"application\/ld+json\" class=\"yoast-schema-graph\">{\"@context\":\"https:\/\/schema.org\",\"@graph\":[{\"@type\":\"WebSite\",\"@id\":\"https:\/\/argosforever.com\/en\/#website\",\"url\":\"https:\/\/argosforever.com\/en\/\",\"name\":\"Argosforever\",\"description\":\"Urnes fun\\u00e9raires\",\"potentialAction\":[{\"@type\":\"SearchAction\",\"target\":{\"@type\":\"EntryPoint\",\"urlTemplate\":\"https:\/\/argosforever.com\/en\/?s={search_term_string}\"},\"query-input\":\"required name=search_term_string\"}],\"inLanguage\":\"fr-FR\"},{\"@type\":\"ImageObject\",\"@id\":\"https:\/\/argosforever.com\/fr\/product\/cercueil-ecologique-pour-chiens-et-chats\/#primaryimage\",\"inLanguage\":\"fr-FR\",\"url\":\"https:\/\/argosforever.com\/wp-content\/uploads\/2021\/09\/COC-L20-scaled.jpg\",\"contentUrl\":\"https:\/\/argosforever.com\/wp-content\/uploads\/2021\/09\/COC-L20-scaled.jpg\",\"width\":2560,\"height\":1707},{\"@type\":\"WebPage\",\"@id\":\"https:\/\/argosforever.com\/fr\/product\/cercueil-ecologique-pour-chiens-et-chats\/#webpage\",\"url\":\"https:\/\/argosforever.com\/fr\/product\/cercueil-ecologique-pour-chiens-et-chats\/\",\"name\":\"Cercueil \\u00e9cologique pour chiens et chats\",\"isPartOf\":{\"@id\":\"https:\/\/argosforever.com\/en\/#website\"},\"primaryImageOfPage\":{\"@id\":\"https:\/\/argosforever.com\/fr\/product\/cercueil-ecologique-pour-chiens-et-chats\/#primaryimage\"},\"datePublished\":\"2021-09-26T15:33:16+00:00\",\"dateModified\":\"2021-12-07T10:09:19+00:00\",\"description\":\"Le cocon fun\\u00e9raire NIDOO\\u00ae est une belle fa\\u00e7on de se souvenir de votre fid\\u00e8le compagnon. Le cercueil \\u00e9cologique donnera naissance dans votre jardin \\u00e0 un arbre en l'honneur de votre fid\\u00e8le compagnon.\",\"breadcrumb\":{\"@id\":\"https:\/\/argosforever.com\/fr\/product\/cercueil-ecologique-pour-chiens-et-chats\/#breadcrumb\"},\"inLanguage\":\"fr-FR\",\"potentialAction\":[{\"@type\":\"ReadAction\",\"target\":[\"https:\/\/argosforever.com\/fr\/product\/cercueil-ecologique-pour-chiens-et-chats\/\"]}]},{\"@type\":\"BreadcrumbList\",\"@id\":\"https:\/\/argosforever.com\/fr\/product\/cercueil-ecologique-pour-chiens-et-chats\/#breadcrumb\",\"itemListElement\":[{\"@type\":\"ListItem\",\"position\":1,\"name\":\"Shop\",\"item\":\"https:\/\/argosforever.com\/fr\/shop\/\"},{\"@type\":\"ListItem\",\"position\":2,\"name\":\"Cocon \\u00e9cologique pour animaux de compagnie\"}]}]}<\/script>\n<!-- \/ Yoast SEO plugin. -->","yoast_head_json":{"title":"Cercueil \u00e9cologique pour chiens et chats","description":"Le cocon fun\u00e9raire NIDOO\u00ae est une belle fa\u00e7on de se souvenir de votre fid\u00e8le compagnon. Le cercueil \u00e9cologique donnera naissance dans votre jardin \u00e0 un arbre en l'honneur de votre fid\u00e8le compagnon.","robots":{"index":"index","follow":"follow","max-snippet":"max-snippet:-1","max-image-preview":"max-image-preview:large","max-video-preview":"max-video-preview:-1"},"canonical":"https:\/\/argosforever.com\/fr\/product\/cercueil-ecologique-pour-chiens-et-chats\/","og_locale":"fr_FR","og_type":"article","og_title":"Cercueil \u00e9cologique pour chiens et chats","og_description":"Le cocon fun\u00e9raire NIDOO\u00ae est une belle fa\u00e7on de se souvenir de votre fid\u00e8le compagnon. Le cercueil \u00e9cologique donnera naissance dans votre jardin \u00e0 un arbre en l'honneur de votre fid\u00e8le compagnon.","og_url":"https:\/\/argosforever.com\/fr\/product\/cercueil-ecologique-pour-chiens-et-chats\/","og_site_name":"Argosforever","article_modified_time":"2021-12-07T10:09:19+00:00","og_image":[{"width":1030,"height":687,"path":"2021\/09\/COC-L20-1030x687.jpg","url":"https:\/\/argosforever.com\/wp-content\/uploads\/2021\/09\/COC-L20-1030x687.jpg","size":"large","id":4662,"alt":"","pixels":707610,"type":"image\/jpeg"}],"twitter_card":"summary_large_image","twitter_misc":{"Dur\u00e9e de lecture est.":"1 minute"},"schema":{"@context":"https:\/\/schema.org","@graph":[{"@type":"WebSite","@id":"https:\/\/argosforever.com\/en\/#website","url":"https:\/\/argosforever.com\/en\/","name":"Argosforever","description":"Urnes fun\u00e9raires","potentialAction":[{"@type":"SearchAction","target":{"@type":"EntryPoint","urlTemplate":"https:\/\/argosforever.com\/en\/?s={search_term_string}"},"query-input":"required name=search_term_string"}],"inLanguage":"fr-FR"},{"@type":"ImageObject","@id":"https:\/\/argosforever.com\/fr\/product\/cercueil-ecologique-pour-chiens-et-chats\/#primaryimage","inLanguage":"fr-FR","url":"https:\/\/argosforever.com\/wp-content\/uploads\/2021\/09\/COC-L20-scaled.jpg","contentUrl":"https:\/\/argosforever.com\/wp-content\/uploads\/2021\/09\/COC-L20-scaled.jpg","width":2560,"height":1707},{"@type":"WebPage","@id":"https:\/\/argosforever.com\/fr\/product\/cercueil-ecologique-pour-chiens-et-chats\/#webpage","url":"https:\/\/argosforever.com\/fr\/product\/cercueil-ecologique-pour-chiens-et-chats\/","name":"Cercueil \u00e9cologique pour chiens et chats","isPartOf":{"@id":"https:\/\/argosforever.com\/en\/#website"},"primaryImageOfPage":{"@id":"https:\/\/argosforever.com\/fr\/product\/cercueil-ecologique-pour-chiens-et-chats\/#primaryimage"},"datePublished":"2021-09-26T15:33:16+00:00","dateModified":"2021-12-07T10:09:19+00:00","description":"Le cocon fun\u00e9raire NIDOO\u00ae est une belle fa\u00e7on de se souvenir de votre fid\u00e8le compagnon. Le cercueil \u00e9cologique donnera naissance dans votre jardin \u00e0 un arbre en l'honneur de votre fid\u00e8le compagnon.","breadcrumb":{"@id":"https:\/\/argosforever.com\/fr\/product\/cercueil-ecologique-pour-chiens-et-chats\/#breadcrumb"},"inLanguage":"fr-FR","potentialAction":[{"@type":"ReadAction","target":["https:\/\/argosforever.com\/fr\/product\/cercueil-ecologique-pour-chiens-et-chats\/"]}]},{"@type":"BreadcrumbList","@id":"https:\/\/argosforever.com\/fr\/product\/cercueil-ecologique-pour-chiens-et-chats\/#breadcrumb","itemListElement":[{"@type":"ListItem","position":1,"name":"Shop","item":"https:\/\/argosforever.com\/fr\/shop\/"},{"@type":"ListItem","position":2,"name":"Cocon \u00e9cologique pour animaux de compagnie"}]}]}},"_links":{"self":[{"href":"https:\/\/argosforever.com\/fr\/wp-json\/wp\/v2\/product\/4692"}],"collection":[{"href":"https:\/\/argosforever.com\/fr\/wp-json\/wp\/v2\/product"}],"about":[{"href":"https:\/\/argosforever.com\/fr\/wp-json\/wp\/v2\/types\/product"}],"replies":[{"embeddable":true,"href":"https:\/\/argosforever.com\/fr\/wp-json\/wp\/v2\/comments?post=4692"}],"wp:featuredmedia":[{"embeddable":true,"href":"https:\/\/argosforever.com\/fr\/wp-json\/wp\/v2\/media\/4662"}],"wp:attachment":[{"href":"https:\/\/argosforever.com\/fr\/wp-json\/wp\/v2\/media?parent=4692"}],"wp:term":[{"taxonomy":"product_cat","embeddable":true,"href":"https:\/\/argosforever.com\/fr\/wp-json\/wp\/v2\/product_cat?post=4692"},{"taxonomy":"product_tag","embeddable":true,"href":"https:\/\/argosforever.com\/fr\/wp-json\/wp\/v2\/product_tag?post=4692"}],"curies":[{"name":"wp","href":"https:\/\/api.w.org\/{rel}","templated":true}]}}